{"id":625,"date":"2012-10-14T14:22:59","date_gmt":"2012-10-14T14:22:59","guid":{"rendered":"http:\/\/vinterhaven.no\/?page_id=625"},"modified":"2013-09-06T11:17:37","modified_gmt":"2013-09-06T11:17:37","slug":"antologi-2","status":"publish","type":"page","link":"https:\/\/vinterhaven.no\/?page_id=625","title":{"rendered":"Antologi.  Om sorg og smerte."},"content":{"rendered":"<p>&nbsp;<\/p>\n<p>Samlet 1970-2000<\/p>\n<p>&nbsp;<\/p>\n<p><em><strong>Dikt om sorg og evige oppbrudd.<\/strong><\/em><\/p>\n<p>D\u00f8den er en viktig del av livet, alle har vi opplevd d\u00f8d,<\/p>\n<p>eller tap i varierende grad, &#8211;<\/p>\n<p>og ingen har heller monopol p\u00e5 sorg.<\/p>\n<p>&#8211; Sorg som en uforskyldt p\u00e5f\u00f8rt lidelse,<\/p>\n<p>eller smerte, den vi p\u00e5f\u00f8rer oss selv.<\/p>\n<p>&nbsp;<\/p>\n<p>&nbsp;<\/p>\n<p>&nbsp;<\/p>\n<p><a href=\"http:\/\/vinterhaven.no\/antologi-favoritter-fra-1970-1979\/antologi-2\/img_0419-2\/\" rel=\"attachment wp-att-629\"><img loading=\"lazy\" decoding=\"async\" class=\"aligncenter size-medium wp-image-629\" title=\"IMG_0419\" alt=\"\" src=\"http:\/\/vinterhaven.no\/wp-content\/uploads\/2012\/10\/IMG_04191-300x225.jpg\" width=\"300\" height=\"225\" srcset=\"https:\/\/vinterhaven.no\/wp-content\/uploads\/2012\/10\/IMG_04191-300x225.jpg 300w, https:\/\/vinterhaven.no\/wp-content\/uploads\/2012\/10\/IMG_04191-1024x768.jpg 1024w\" sizes=\"auto, (max-width: 300px) 100vw, 300px\" \/><\/a><\/p>\n<p>&nbsp;<\/p>\n<p><strong>Hver livsens dag<\/strong><\/p>\n<p>Hellig er hver en livsens dag,<\/p>\n<p>som fyller med lys ditt \u00f8ye!<\/p>\n<p>Godt er hvert eneste \u00e5ndedrag<\/p>\n<p>av luften, den bl\u00e5 og h\u00f8ye!<\/p>\n<p>&#8211; ditt uavbrutte hjerteslag!<\/p>\n<p>&nbsp;<\/p>\n<p>Hvert et skritt dine f\u00f8tter tar<\/p>\n<p>p\u00e5 jorden, den frodige have,<\/p>\n<p>og hver b\u00f8r dine skuldre bar,<\/p>\n<p>om tung, er den dog en gave,<\/p>\n<p>&#8211; alt som kommer og alt som var!<\/p>\n<p>&nbsp;<\/p>\n<p>Signet er og den sorgens port,<\/p>\n<p>som hvelver seg over ditt hode!<\/p>\n<p>Vend ikke da ditt ansikt bort,<\/p>\n<p>for ogs\u00e5 sorger er gode,<\/p>\n<p>for den som vet hva han selv har gjort.<\/p>\n<p>&nbsp;<\/p>\n<p>G\u00e5 i den sene aftenstund<\/p>\n<p>til bryggen ved fergestedet!<\/p>\n<p>Og g\u00e5 med takk p\u00e5 din bleke munn<\/p>\n<p>for hvert et d\u00f8gn av glede!<\/p>\n<p>S\u00e5 ror han deg over et nattlig sund.<\/p>\n<p>&nbsp;<\/p>\n<p>Arnulf \u00d8verland<\/p>\n<p>&nbsp;<\/p>\n<p><strong>Alderdommen<\/strong><\/p>\n<p>Da vi var unge, sat vi ofte som nu<\/p>\n<p>alene i m\u00f8rket, som ennu er det samme,<\/p>\n<p>huset var stilt og store fremmede tanker<\/p>\n<p>gjestet vort vemod og vore famlende ord<\/p>\n<p>(dine og mine, vi ville dele alt)<\/p>\n<p>s\u00f8kte med sky undring at tyde vor skjebne &#8211;<\/p>\n<p>kj\u00e6rligheten og d\u00f8den.<\/p>\n<p>&nbsp;<\/p>\n<p>Ogs\u00e5 i kveld kommer hellige tanker hjem<\/p>\n<p>til vore stille sinn, at dine blomster<\/p>\n<p>har friske skudd, at stuen er ren og ryddig,<\/p>\n<p>at kanarifuglen kan blunde trygt<\/p>\n<p>bak gardinet hvor m\u00e5neskinnetdr\u00f8mmer,<\/p>\n<p>at vi er n\u00e6r hinannen, og at din trette h\u00e5nd<\/p>\n<p>kan finne min i m\u00f8rket.<\/p>\n<p>&nbsp;<\/p>\n<p>Emil Boyson<\/p>\n<p>&nbsp;<\/p>\n<p><strong>Stillheten<\/strong><\/p>\n<p>Helt stille blir det aldri<\/p>\n<p>i stillheten<\/p>\n<p>mellom fire vegger<\/p>\n<p>en hammer sl\u00e5r<\/p>\n<p>et ekko svarer<\/p>\n<p>hele tiden.<\/p>\n<p>&nbsp;<\/p>\n<p>Helt stille blir det aldri<\/p>\n<p>i stillheten<\/p>\n<p>mellom solvarme tr\u00e6r<\/p>\n<p>under h\u00f8st-klare stjerner<\/p>\n<p>en hammer sl\u00e5r<\/p>\n<p>et ekko svarer<\/p>\n<p>&#8211; hele tiden.<\/p>\n<p>&nbsp;<\/p>\n<p>Stillheten<\/p>\n<p>den dype stillheten<\/p>\n<p>f\u00e5r ingen h\u00f8re<\/p>\n<p>i levende live.<\/p>\n<p>&nbsp;<\/p>\n<p>Astrid Tollefsen<\/p>\n<p>&nbsp;<\/p>\n<p><strong>Ved grensa<\/strong><\/p>\n<p>Hit er eg komen. Lenger<\/p>\n<p>g\u00e5r ingen veg.<\/p>\n<p>Bortanfor grensa<\/p>\n<p>der bur Gud.<\/p>\n<p>&nbsp;<\/p>\n<p>Det kveldar. Eg kviler.<\/p>\n<p>Eg t\u00f8r ikkje g\u00e5<\/p>\n<p>der eg har g\u00e5tt.<\/p>\n<p>Der er det ingen von meir.<\/p>\n<p>&nbsp;<\/p>\n<p>Eg vil ikkje snu.<\/p>\n<p>Men f\u00f8r eg g\u00e5r over grensa<\/p>\n<p>vil eg eige den djupaste visdom<\/p>\n<p>om landet der Gud bur.<\/p>\n<p>&nbsp;<\/p>\n<p>Hit er eg komen. Blind.<\/p>\n<p>No vil eg sj\u00e5<\/p>\n<p>eller g\u00e5 under og gl\u00f8ymast<\/p>\n<p>ubrukt &#8211;<\/p>\n<p>&nbsp;<\/p>\n<p>Tor Jonsson<\/p>\n<p>&nbsp;<\/p>\n<p><strong>Da<\/strong><\/p>\n<p>Ja eg skal vere ferdig og budd<\/p>\n<p>den kvelden da du k\u00f8yrer fram,<\/p>\n<p>du m\u00f8rke vogn som skal hente alt mitt,<\/p>\n<p>all uro, saknad og skam.<\/p>\n<p>&nbsp;<\/p>\n<p>Bunden er eg i kj\u00f8t og blod<\/p>\n<p>til alt eg aldri blir fri<\/p>\n<p>f\u00f8r eg har h\u00f8yrt dine tunge hjul<\/p>\n<p>fram til min d\u00f8rstokk gli.<\/p>\n<p>&nbsp;<\/p>\n<p>Da skal alt som stod seg mot eld,<\/p>\n<p>mot syre, mot m\u00f8ll og rust<\/p>\n<p>l\u00f8ftast umerkeleg opp med meg<\/p>\n<p>p\u00e5 karmen som lett, gr\u00e5 dust<\/p>\n<p>&nbsp;<\/p>\n<p>og f\u00f8rast med meg s\u00e5 langt av stad<\/p>\n<p>bort i fr\u00e5 tid og rom<\/p>\n<p>at sj\u00f8lv mitt navn blir en avlagt ham<\/p>\n<p>som ligg at i vegkanten, tom.<\/p>\n<p>&nbsp;<\/p>\n<p>Halldis Moren Vesaas<\/p>\n<p>&nbsp;<\/p>\n<p><strong>Mold for blomar<\/strong><\/p>\n<p>Ein dag skal alt vera annleis<\/p>\n<p>med skogar susar som f\u00f8r<\/p>\n<p>og vatn renn i mat hav.<\/p>\n<p>Med myrker, stjernor og m\u00e5ne<\/p>\n<p>skal spenne himmelen<\/p>\n<p>over ei grav.<\/p>\n<p>&nbsp;<\/p>\n<p>Ei morgon<\/p>\n<p>skal alt vera annleis<\/p>\n<p>Du skal ikkje vakne upp.<\/p>\n<p>Men spiror skal bryte ur jordi<\/p>\n<p>og blomor opne sin knupp.<\/p>\n<p>&nbsp;<\/p>\n<p>Ein kveld skal alt vera annleis.<\/p>\n<p>Da skal du audmjuk<\/p>\n<p>knele for ukjend domar<\/p>\n<p>og be om den siste n\u00e5de,<\/p>\n<p>um \u00e5 bli mold for blomar.<\/p>\n<p>&nbsp;<\/p>\n<p>Jan Magnus Bruheim<\/p>\n<p>&nbsp;<\/p>\n<p><a href=\"http:\/\/vinterhaven.no\/antologi-favoritter-fra-1970-1979\/antologi-2\/img_0422\/\" rel=\"attachment wp-att-641\"><img loading=\"lazy\" decoding=\"async\" class=\"aligncenter size-medium wp-image-641\" title=\"IMG_0422\" alt=\"\" src=\"http:\/\/vinterhaven.no\/wp-content\/uploads\/2012\/10\/IMG_0422-300x225.jpg\" width=\"300\" height=\"225\" srcset=\"https:\/\/vinterhaven.no\/wp-content\/uploads\/2012\/10\/IMG_0422-300x225.jpg 300w, https:\/\/vinterhaven.no\/wp-content\/uploads\/2012\/10\/IMG_0422-1024x768.jpg 1024w\" sizes=\"auto, (max-width: 300px) 100vw, 300px\" \/><\/a><\/p>\n<p>&nbsp;<\/p>\n<p><em>&#8211; br\u00e5tt som et filmtriks<\/em><\/p>\n<p><em>borte<\/em><\/p>\n<p><em>ikke g\u00e5tt ut<\/em><\/p>\n<p><em>av huset<\/em><\/p>\n<p><em>ikke reist ut<\/em><\/p>\n<p><em>av landet<\/em><\/p>\n<p><em>er ikke mer &#8211;<\/em><\/p>\n<p>&nbsp;<\/p>\n<p>Jan Erik Vold<\/p>\n<p>&nbsp;<\/p>\n<p><strong>Snart<\/strong><\/p>\n<p>Snart skal jeg bli som bergene,<\/p>\n<p>fjellbrynet, natteskyene.<\/p>\n<p>Tyst skal min aksel b\u00e6re<\/p>\n<p>urene, skoddeliene.<\/p>\n<p>S\u00f8vn skal jeg f\u00e5 som haugene,<\/p>\n<p>stillhet som vintermyrene,<\/p>\n<p>vente med dem p\u00e5 tiden,<\/p>\n<p>iskronen, stjernebildene.<\/p>\n<p>&nbsp;<\/p>\n<p>Rolf Jacobsen<\/p>\n<p>&nbsp;<\/p>\n<p><strong>Det st\u00e5r ein \u00e5 ventar<\/strong><\/p>\n<p>Det st\u00e5r ein m\u00f8rk ein<\/p>\n<p>og ventar<\/p>\n<p>For alt eg veit<\/p>\n<p>kan han st\u00e5<\/p>\n<p>bak neste sving.<\/p>\n<p>For alt eg veit<\/p>\n<p>kan han g\u00e5<\/p>\n<p>i mine enno varme spor.<\/p>\n<p>&nbsp;<\/p>\n<p>Og snur eg meg<\/p>\n<p>st\u00e5r han der kanhende<\/p>\n<p>med bortvendt andlet<\/p>\n<p>tyngd av tid.<\/p>\n<p>Tyngd av si eiga visse.<\/p>\n<p>&nbsp;<\/p>\n<p>Enno har eg ikkje sett han<\/p>\n<p>Enno har eg ikkje merka<\/p>\n<p>hans kalde fingrar<\/p>\n<p>kring handa mi.<\/p>\n<p>&nbsp;<\/p>\n<p>Eg har bare kjent kj\u00f8lden<\/p>\n<p>n\u00e5r han gjekk inn<\/p>\n<p>ei onnor d\u00f8r.<\/p>\n<p>&nbsp;<\/p>\n<p>Ingebj\u00f8rg Kasin Sandsdalen<\/p>\n<p>&nbsp;<\/p>\n<p><strong>Sorg<\/strong><\/p>\n<p>Sorg g\u00e5r ikke over.<\/p>\n<p>Den tar bare en annen form.<\/p>\n<p>En sorg ligner p\u00e5 havet.<\/p>\n<p>Til \u00e5 begynne med er<\/p>\n<p>b\u00f8lgene veldig krappe. S\u00e5 kommer d\u00f8nningene,<\/p>\n<p>men det blir aldri mer havblikk.<\/p>\n<p>&nbsp;<\/p>\n<p>Iben Sandemose.<\/p>\n<p>&nbsp;<\/p>\n<p>&nbsp;<\/p>\n<p><strong>Jeg br\u00f8t egentlig aldri opp<\/strong><\/p>\n<p>Jeg br\u00f8t egentlig aldri opp fra din d\u00f8d<\/p>\n<p>men gav den til vinden. Og nu er det vind.<\/p>\n<p>Hva tenker de fjerne fjell n\u00e5r de m\u00f8rkner<\/p>\n<p>og kvelder som alltid bekymrer hvert tre<\/p>\n<p>Er det min uro som dirrer i gressets hjerte<\/p>\n<p>&#8211; min skygge som dypner i stienes vener.<\/p>\n<p>&nbsp;<\/p>\n<p>Det bl\u00e5ser i natt som det bl\u00e5ste den natten<\/p>\n<p>Det er sterk vind. Det er som jeg pr\u00f8ver<\/p>\n<p>\u00e5 rive meg l\u00f8s i natt; det er som du pr\u00f8ver<\/p>\n<p>\u00e5 rive meg til deg. Hvem er det som n\u00f8ler<\/p>\n<p>av oss. Hvem er det som ikke vil g\u00e5 av oss<\/p>\n<p>Din d\u00f8d er som levende hender omkring meg.<\/p>\n<p>&nbsp;<\/p>\n<p>Stein Mehren<\/p>\n<p>&nbsp;<\/p>\n<p><a href=\"http:\/\/vinterhaven.no\/antologi-favoritter-fra-1970-1979\/antologi-2\/img_0418\/\" rel=\"attachment wp-att-637\"><img loading=\"lazy\" decoding=\"async\" class=\"aligncenter size-medium wp-image-637\" title=\"IMG_0418\" alt=\"\" src=\"http:\/\/vinterhaven.no\/wp-content\/uploads\/2012\/10\/IMG_0418-300x225.jpg\" width=\"300\" height=\"225\" srcset=\"https:\/\/vinterhaven.no\/wp-content\/uploads\/2012\/10\/IMG_0418-300x225.jpg 300w, https:\/\/vinterhaven.no\/wp-content\/uploads\/2012\/10\/IMG_0418-1024x768.jpg 1024w\" sizes=\"auto, (max-width: 300px) 100vw, 300px\" \/><\/a><\/p>\n<p>&nbsp;<\/p>\n<p><strong>Veikryss<\/strong><\/p>\n<p>For lenge har jeg st\u00e5tt sammen med dere<\/p>\n<p>i veikrysset med de fire<\/p>\n<p>ubeskrevne skilt.<\/p>\n<p>Mens m\u00f8rke skyer jog i den kalde vinden<\/p>\n<p>og st\u00f8vet f\u00f8k oss i \u00f8ynene<\/p>\n<p>hjalp vi hverandre med \u00e5 finne<\/p>\n<p>hundre intelligente grunner<\/p>\n<p>til ikke \u00e5 forlate veikrysset.<\/p>\n<p>&nbsp;<\/p>\n<p>Noen m\u00e5 velge.<\/p>\n<p>Noen m\u00e5 velge feil.<\/p>\n<p>&nbsp;<\/p>\n<p>Carl Keilhau<\/p>\n<p>&nbsp;<\/p>\n<p><a href=\"http:\/\/vinterhaven.no\/antologi-favoritter-fra-1970-1979\/antologi-2\/wp_000339-2\/\" rel=\"attachment wp-att-762\"><img loading=\"lazy\" decoding=\"async\" class=\"aligncenter size-medium wp-image-762\" title=\"WP_000339\" alt=\"\" src=\"http:\/\/vinterhaven.no\/wp-content\/uploads\/2012\/10\/WP_000339-300x225.jpg\" width=\"300\" height=\"225\" srcset=\"https:\/\/vinterhaven.no\/wp-content\/uploads\/2012\/10\/WP_000339-300x225.jpg 300w, https:\/\/vinterhaven.no\/wp-content\/uploads\/2012\/10\/WP_000339-1024x768.jpg 1024w\" sizes=\"auto, (max-width: 300px) 100vw, 300px\" \/><\/a><\/p>\n<p>&nbsp;<\/p>\n<p><strong>D\u00f8den er ingen avskjed<\/strong><\/p>\n<p>Hvem sier de d\u00f8de sover?<\/p>\n<p>Hvem sier at dette var alt, eller at<\/p>\n<p>det finnes en verden av st\u00f8rre renhet<\/p>\n<p>der de som forlot oss gikk inn<\/p>\n<p>til evig og skinnende ungdom?<\/p>\n<p>&nbsp;<\/p>\n<p>Hit har vi fulgt deg<\/p>\n<p>med v\u00e5r avmektige mildhet<\/p>\n<p>og tr\u00f8stens hjelpel\u00f8st flakkende hender<\/p>\n<p>Hit har vi fulgt deg<\/p>\n<p>med ord av den store uvirkelighet<\/p>\n<p>som ingen klage kan gjennomtrenge.<\/p>\n<p>Til vi igjen<\/p>\n<p>gikk langsomt bort mellom tr\u00e6rne.<\/p>\n<p>&nbsp;<\/p>\n<p>Sover du nu, eller gikk du<\/p>\n<p>inn i de lysende stjernet\u00e5kers<\/p>\n<p>frysende fjernhet<\/p>\n<p>Dit v\u00e5re ord, v\u00e5re ytterste syner,<\/p>\n<p>aldri kan n\u00e5?<\/p>\n<p>&nbsp;<\/p>\n<p>Barn, jeg sier deg :<\/p>\n<p>D\u00f8den er ingen s\u00f8vn<\/p>\n<p>D\u00f8den er ingen avskjed<\/p>\n<p>Uendelig n\u00e6r er ditt smil, dine henders<\/p>\n<p>gave av jordisk \u00f8mhet<\/p>\n<p>Uendelig n\u00e6r er du alltid her<\/p>\n<p>er de d\u00f8de bestandig her og nu<\/p>\n<p>i evig lys over hverdagens skritt<\/p>\n<p>p\u00e5 jorden.<\/p>\n<p>&nbsp;<\/p>\n<p>Erling Christie<\/p>\n<p>&nbsp;<\/p>\n<p><strong>L\u00e6resetninger<\/strong><\/p>\n<p>Ett skal du vite :<\/p>\n<p>Livet er ingen likning<\/p>\n<p>du engang skal l\u00f8se.<\/p>\n<p>&nbsp;<\/p>\n<p>S\u00f8k ingen mening<\/p>\n<p>i livets lysende skrift<\/p>\n<p>Men elsk det med din<\/p>\n<p>fortvilelses vilje og vit<\/p>\n<p>at livet klarer seg<\/p>\n<p>uten din kj\u00e6rlighet<\/p>\n<p>&nbsp;<\/p>\n<p>bedre enn du<\/p>\n<p>klarer deg uten livet<\/p>\n<p>&nbsp;<\/p>\n<p>For hvert menneske<\/p>\n<p>finnes en ensomhet.<\/p>\n<p>&nbsp;<\/p>\n<p>Hjeml\u00f8s jager det under fjerne<\/p>\n<p>tegn det ikke forst\u00e5r<\/p>\n<p>&nbsp;<\/p>\n<p>til det i hungerens ytterste time<\/p>\n<p>slynger sin ensomhetsom en stjerne<\/p>\n<p>inn i uendeligheten.<\/p>\n<p>&nbsp;<\/p>\n<p>Erling Christie<\/p>\n<p>&nbsp;<\/p>\n<p><a href=\"http:\/\/vinterhaven.no\/antologi-favoritter-fra-1970-1979\/antologi-2\/olympus-digital-camera-27\/\" rel=\"attachment wp-att-701\"><img loading=\"lazy\" decoding=\"async\" class=\"aligncenter size-medium wp-image-701\" title=\"OLYMPUS DIGITAL CAMERA\" alt=\"\" src=\"http:\/\/vinterhaven.no\/wp-content\/uploads\/2012\/10\/P7240133-300x225.jpg\" width=\"300\" height=\"225\" srcset=\"https:\/\/vinterhaven.no\/wp-content\/uploads\/2012\/10\/P7240133-300x225.jpg 300w, https:\/\/vinterhaven.no\/wp-content\/uploads\/2012\/10\/P7240133-1024x768.jpg 1024w\" sizes=\"auto, (max-width: 300px) 100vw, 300px\" \/><\/a><\/p>\n<p>&nbsp;<\/p>\n<p>&nbsp;<\/p>\n<p><strong>Ung kvinne ved graven<\/strong><\/p>\n<p>G\u00e5 ikke bort til den m\u00f8rke.<\/p>\n<p>La henne lute alene.<\/p>\n<p>Det er ingen, du eller andre,<\/p>\n<p>det var denne ene.<\/p>\n<p>&nbsp;<\/p>\n<p>Skumringen skjermer et enslig lys,<\/p>\n<p>lyset tennes<\/p>\n<p>flammen er hellig,<\/p>\n<p>sorgen ren<\/p>\n<p>og ukrenkelig hennes.<\/p>\n<p>&nbsp;<\/p>\n<p>Heftig var gledens glans i ditt \u00f8ye,<\/p>\n<p>heftig er smertens tegn p\u00e5 din panne.<\/p>\n<p>S\u00e5 h\u00f8yt som treet mot himmelen rager<\/p>\n<p>s\u00e5 dyp er skyggen som speiles i vannet.<\/p>\n<p>&nbsp;<\/p>\n<p>Einar Skj\u00e6r\u00e5sen<\/p>\n<p>&nbsp;<\/p>\n<p><strong>V\u00e5re d\u00f8gn<\/strong><\/p>\n<p>Den f\u00f8rste heter morgen<\/p>\n<p>og er et kj\u00e6rest minne.<\/p>\n<p>Den andre heter dagen<\/p>\n<p>og er den gode kvinne.<\/p>\n<p>&nbsp;<\/p>\n<p>Din nabo heter kvelden<\/p>\n<p>og har forsagte hender.<\/p>\n<p>Den siste som er natten<\/p>\n<p>er han du ikke kjenner.<\/p>\n<p>&nbsp;<\/p>\n<p>Einar Skj\u00e6r\u00e5sen<\/p>\n<p>&nbsp;<\/p>\n<p><strong>Sang p\u00e5 elva<\/strong><\/p>\n<p>Ro, ro din f\u00f8rste b\u00e5t,<\/p>\n<p>ro med sterke hender;<\/p>\n<p>det er fest og felel\u00e5t<\/p>\n<p>utmed gr\u00f8ne strender.<\/p>\n<p>&nbsp;<\/p>\n<p>Ro, ro din ungdoms b\u00e5t<\/p>\n<p>bort \u00e5t fiskje-vona.<\/p>\n<p>Auren blank og auren k\u00e5t<\/p>\n<p>vaker uti lona.<\/p>\n<p>&nbsp;<\/p>\n<p>Ro, ro din manndoms b\u00e5t,<\/p>\n<p>fram n\u00e5r flommen fl\u00f8mmer.<\/p>\n<p>Ro deg glad og tr\u00f8tt og v\u00e5t<\/p>\n<p>mellom kubb og t\u00f8mmer.<\/p>\n<p>&nbsp;<\/p>\n<p>Ro, ro din siste b\u00e5t,<\/p>\n<p>ro med veke hender.<\/p>\n<p>Elva g\u00e5r med stille gr\u00e5t<\/p>\n<p>utmed gule strender.<\/p>\n<p>&nbsp;<\/p>\n<p>Einar Skj\u00e6r\u00e5sen<\/p>\n<p>&nbsp;<\/p>\n<p><strong>N\u00f6dsignal<\/strong><\/p>\n<p>Mot en ok\u00e4nd strand<\/p>\n<p>flyger duvan vit.<\/p>\n<p>N\u00e4r n\u00e5r budet land?<\/p>\n<p>N\u00e4r n\u00e5r r\u00e4dding hit?<\/p>\n<p>&nbsp;<\/p>\n<p>Sj\u00e4len kastas kring<\/p>\n<p>p\u00e5 et j\u00e4rngr\u00e5tt hav.<\/p>\n<p>Ovan: ingenting.<\/p>\n<p>Under: blott en grav.<\/p>\n<p>&nbsp;<\/p>\n<p>Bo Bergman<\/p>\n<p>&nbsp;<\/p>\n<p><a href=\"http:\/\/vinterhaven.no\/antologi-favoritter-fra-1970-1979\/antologi-2\/olympus-digital-camera-28\/\" rel=\"attachment wp-att-702\"><img loading=\"lazy\" decoding=\"async\" class=\"aligncenter size-medium wp-image-702\" title=\"OLYMPUS DIGITAL CAMERA\" alt=\"\" src=\"http:\/\/vinterhaven.no\/wp-content\/uploads\/2012\/10\/P7300224-300x225.jpg\" width=\"300\" height=\"225\" srcset=\"https:\/\/vinterhaven.no\/wp-content\/uploads\/2012\/10\/P7300224-300x225.jpg 300w, https:\/\/vinterhaven.no\/wp-content\/uploads\/2012\/10\/P7300224-1024x768.jpg 1024w\" sizes=\"auto, (max-width: 300px) 100vw, 300px\" \/><\/a><\/p>\n<p>&nbsp;<\/p>\n<p><strong>Nu m\u00f6rknar min v\u00e4g<\/strong><\/p>\n<p>Nu m\u00f6rknar min v\u00e4g och mitt dagsverk \u00e4r<\/p>\n<p>gjort, mitt hj\u00e4rta \u00e4r tr\u00f6tt, min s\u00e4d har jag<\/p>\n<p>s\u00e5tt. Som en tiggare st\u00e5r jag, o Gud, vid din<\/p>\n<p>port, och blodrosor v\u00e4xa p\u00e5 stigen<\/p>\n<p>jag g\u00e5tt.<\/p>\n<p>&nbsp;<\/p>\n<p>Dan Anderson<\/p>\n<p>&nbsp;<\/p>\n<p><strong>Din veg<\/strong><\/p>\n<p>Ingen har varda den vegen<\/p>\n<p>du skal g\u00e5<\/p>\n<p>ut i det ukjende,<\/p>\n<p>ut i det bl\u00e5.<\/p>\n<p>&nbsp;<\/p>\n<p>Dette er din veg.<\/p>\n<p>Berre du<\/p>\n<p>skal g\u00e5 han. Og det er<\/p>\n<p>ur\u00e5d \u00e5 snu.<\/p>\n<p>&nbsp;<\/p>\n<p>Og ikkje vardar du vegen,<\/p>\n<p>du hell.<\/p>\n<p>Og vinden stryk ut ditt far<\/p>\n<p>i aude fjell.<\/p>\n<p>&nbsp;<\/p>\n<p>Olav H Hauge<\/p>\n<p>&nbsp;<\/p>\n<p><a href=\"http:\/\/vinterhaven.no\/antologi-favoritter-fra-1970-1979\/antologi-2\/olympus-digital-camera-20\/\" rel=\"attachment wp-att-653\"><img loading=\"lazy\" decoding=\"async\" class=\"aligncenter size-medium wp-image-653\" title=\"OLYMPUS DIGITAL CAMERA\" alt=\"\" src=\"http:\/\/vinterhaven.no\/wp-content\/uploads\/2012\/10\/P7200051-300x225.jpg\" width=\"300\" height=\"225\" srcset=\"https:\/\/vinterhaven.no\/wp-content\/uploads\/2012\/10\/P7200051-300x225.jpg 300w, https:\/\/vinterhaven.no\/wp-content\/uploads\/2012\/10\/P7200051-1024x768.jpg 1024w\" sizes=\"auto, (max-width: 300px) 100vw, 300px\" \/><\/a><\/p>\n<p>&nbsp;<\/p>\n<p>&nbsp;<\/p>\n<p><strong>Min siste venn<\/strong><\/p>\n<p>Jeg sitter under et regnv\u00e5tt tre<\/p>\n<p>og venter p\u00e5 noget som snart skal skje.<\/p>\n<p>&nbsp;<\/p>\n<p>Forbi meg drar et gr\u00e5kledt tog.<\/p>\n<p>De taler et fremmed, underlig sprog.<\/p>\n<p>&nbsp;<\/p>\n<p>S\u00e5 er de borte i nattet\u00e5ken.<\/p>\n<p>Jeg vet ikke, om jeg er virkelig v\u00e5ken.<\/p>\n<p>&nbsp;<\/p>\n<p>S\u00e5 kommer en mann med en krumsmidd<\/p>\n<p>kniv. Han sp\u00f8r: Hvad har du gjort med<\/p>\n<p>ditt liv?<\/p>\n<p>Jeg vet ikke riktig, hvad jeg skal svare.<\/p>\n<p>Han st\u00e5r og venter. Jeg tier bare.<\/p>\n<p>&nbsp;<\/p>\n<p>Det er jo ingenting jeg har gjort.<\/p>\n<p>Og kan ikke mannen bare g\u00e5 bort?<\/p>\n<p>&nbsp;<\/p>\n<p>Det gj\u00f8r han tilslutt. Men da f\u00f8lger jeg efter<\/p>\n<p>s\u00e5 godt jeg kan, og av alle krefter.<\/p>\n<p>&nbsp;<\/p>\n<p>Jeg vet ikke hvor han vil ha meg hen.<\/p>\n<p>Men kanskje er han min siste venn.<\/p>\n<p>&nbsp;<\/p>\n<p>Arnulf \u00d8verland<\/p>\n<p>&nbsp;<\/p>\n<p><strong>Det ror\u00a0 og ror<\/strong><\/p>\n<p>Dagen er faren<\/p>\n<p>&#8211; og det ror og ror.<\/p>\n<p>&nbsp;<\/p>\n<p>Det m\u00f8rke berget<\/p>\n<p>m\u00f8rkare enn kvelden,<\/p>\n<p>luter over vatnet<\/p>\n<p>med svarte folder:<\/p>\n<p>Eit samanstrupt andlet<\/p>\n<p>med munnen i sj\u00f8en.<\/p>\n<p>Ingen veit alt.<\/p>\n<p>&nbsp;<\/p>\n<p>Det ror og ror,<\/p>\n<p>i ring,<\/p>\n<p>for berget syg.<\/p>\n<p>Forvilla plask p\u00e5 djupet.<\/p>\n<p>Forkoment knirk i tre.<\/p>\n<p>Forvilla trufast sjel som ror<\/p>\n<p>og snart kan sugast ned.<\/p>\n<p>&nbsp;<\/p>\n<p>Han st\u00e5r der \u00f3g<\/p>\n<p>den andre,<\/p>\n<p>han i bergfoldene,<\/p>\n<p>i svartare enn svart,<\/p>\n<p>og lyer utover.<\/p>\n<p>Lam av synd.<\/p>\n<p>Stivt lyande.<\/p>\n<p>Stiv av st\u00f8kk<\/p>\n<p>fordi her ror &#8211;<\/p>\n<p>&nbsp;<\/p>\n<p>D\u00e5 m\u00e5 det g\u00e5 blaff og bl\u00e5-skin<\/p>\n<p>fram og attende<\/p>\n<p>som heite vindar<\/p>\n<p>og som frost.<\/p>\n<p>&nbsp;<\/p>\n<p>Det ror og ror i natt.<\/p>\n<p>Det ser og ser ingen.<\/p>\n<p>Ingen veit<\/p>\n<p>kven som slikkar p\u00e5 berget<\/p>\n<p>n\u00e5r det er m\u00f8rkt.<\/p>\n<p>Ingen veit botnane<\/p>\n<p>i Angest sj\u00f8.<\/p>\n<p>Ingen veit<\/p>\n<p>kven som ikkje kan ro.<\/p>\n<p>&nbsp;<\/p>\n<p>Tarjei Vesaas<\/p>\n<p>&nbsp;<\/p>\n<p>&nbsp;<\/p>\n<p>&nbsp;<\/p>\n<p>&nbsp;<\/p>\n<p>&nbsp;<\/p>\n<p>&nbsp;<\/p>\n<p>&nbsp;<\/p>\n","protected":false},"excerpt":{"rendered":"<p>&nbsp; Samlet 1970-2000 &nbsp; Dikt om sorg og evige oppbrudd. D\u00f8den er en viktig del av livet, alle har vi opplevd d\u00f8d, eller tap i varierende grad, &#8211; og ingen har heller monopol p\u00e5 sorg. &#8211; Sorg som en uforskyldt &hellip; <a href=\"https:\/\/vinterhaven.no\/?page_id=625\">Les videre <span class=\"meta-nav\">&rarr;<\/span><\/a><\/p>\n","protected":false},"author":1,"featured_media":0,"parent":560,"menu_order":0,"comment_status":"open","ping_status":"closed","template":"","meta":{"footnotes":""},"class_list":["post-625","page","type-page","status-publish","hentry"],"_links":{"self":[{"href":"https:\/\/vinterhaven.no\/index.php?rest_route=\/wp\/v2\/pages\/625","targetHints":{"allow":["GET"]}}],"collection":[{"href":"https:\/\/vinterhaven.no\/index.php?rest_route=\/wp\/v2\/pages"}],"about":[{"href":"https:\/\/vinterhaven.no\/index.php?rest_route=\/wp\/v2\/types\/page"}],"author":[{"embeddable":true,"href":"https:\/\/vinterhaven.no\/index.php?rest_route=\/wp\/v2\/users\/1"}],"replies":[{"embeddable":true,"href":"https:\/\/vinterhaven.no\/index.php?rest_route=%2Fwp%2Fv2%2Fcomments&post=625"}],"version-history":[{"count":27,"href":"https:\/\/vinterhaven.no\/index.php?rest_route=\/wp\/v2\/pages\/625\/revisions"}],"predecessor-version":[{"id":859,"href":"https:\/\/vinterhaven.no\/index.php?rest_route=\/wp\/v2\/pages\/625\/revisions\/859"}],"up":[{"embeddable":true,"href":"https:\/\/vinterhaven.no\/index.php?rest_route=\/wp\/v2\/pages\/560"}],"wp:attachment":[{"href":"https:\/\/vinterhaven.no\/index.php?rest_route=%2Fwp%2Fv2%2Fmedia&parent=625"}],"curies":[{"name":"wp","href":"https:\/\/api.w.org\/{rel}","templated":true}]}}