{"id":657,"date":"2012-10-16T19:47:35","date_gmt":"2012-10-16T19:47:35","guid":{"rendered":"http:\/\/vinterhaven.no\/?page_id=657"},"modified":"2013-09-06T11:12:51","modified_gmt":"2013-09-06T11:12:51","slug":"antologi-3","status":"publish","type":"page","link":"https:\/\/vinterhaven.no\/?page_id=657","title":{"rendered":"Antologi.  Sannhets ord."},"content":{"rendered":"<p>&nbsp;<\/p>\n<p>Samlet 1975 &#8211; 1980<\/p>\n<p>&nbsp;<\/p>\n<p><strong>Det riktigt sv\u00e5ra<\/strong><\/p>\n<p>Det riktigt sv\u00e5ra kan b\u00e4ras<\/p>\n<p>med ett slags l\u00e4tthet.<\/p>\n<p>Det \u00e4r s\u00e5 annorlunda<\/p>\n<p>\u00e4n du hadde t\u00e4nkt dig.<\/p>\n<p>Inf\u00f6r olyckan kastar du \u00f6verbord<\/p>\n<p>barlasten av f\u00f6rs\u00e4kringar<\/p>\n<p>och bekymmer f\u00f6r andras meningar.<\/p>\n<p>Det riktigt sv\u00e5ra<\/p>\n<p>kan aldrig \u00f6vervinnas.<\/p>\n<p>Men att leva i det \u00e4r v\u00e4rt<\/p>\n<p>f\u00f6rtvivlan och t\u00e5rar.<\/p>\n<p>Du \u00e4r den du var men m\u00f6ter<\/p>\n<p>&#8211; utan at v\u00e4nta det &#8211; en ny v\u00e4rld.<\/p>\n<p>&nbsp;<\/p>\n<p>Ulla Olen<\/p>\n<p>&nbsp;<\/p>\n<p><strong>Tecken<\/strong><\/p>\n<p>Den som inte f\u00e5r svar b\u00f6rjar iaktta tecken<\/p>\n<p>F\u00e5glarnas s\u00e5ng i morgondiset stinger<\/p>\n<p>sig fram mot klarhet. Genom den<\/p>\n<p>f\u00f6r\u00e4ndras landskapet. Tungt och lika<\/p>\n<p>h\u00e4ver sig hj\u00e4rtat. Men ocks\u00e5 i det vanliga<\/p>\n<p>finns en r\u00f6relse motsatt upprepningens,<\/p>\n<p>en ofrivillig gest eller en pl\u00f6tslig tilltro.<\/p>\n<p>N\u00e4rmast livet, i veck och springor<\/p>\n<p>finns en lukt av lera, r\u00f6k och svett.<\/p>\n<p>&nbsp;<\/p>\n<p>Ulla Olen<\/p>\n<p>&nbsp;<\/p>\n<p><strong>Veit du kvifor<\/strong><\/p>\n<p>Veit du kvifor t\u00e5rane kjem?<\/p>\n<p>&nbsp;<\/p>\n<p>Om du s\u00e5g meg nett no<\/p>\n<p>du visste det ikkje.<\/p>\n<p>&nbsp;<\/p>\n<p>Du visste ikkje kor det svir<\/p>\n<p>n\u00e5r du dreg forbi &#8211; framand.<\/p>\n<p>&nbsp;<\/p>\n<p>Du kjende heller ikkje vonl\u00f8ysa<\/p>\n<p>inni meg &#8211;<\/p>\n<p>der eg stend einsam attende &#8211;<\/p>\n<p>&nbsp;<\/p>\n<p>hjelpelaus lik en skadd fugl&#8230;<\/p>\n<p>&nbsp;<\/p>\n<p>Christine Hunsdal<\/p>\n<p>&nbsp;<\/p>\n<p><strong>Vinteren i v\u00e5re hjerter<\/strong><\/p>\n<p>Vinteren<\/p>\n<p>i v\u00e5re hjerter<\/p>\n<p>er hard.<\/p>\n<p>&nbsp;<\/p>\n<p>Det bl\u00e5ser<\/p>\n<p>bitende kaldt<\/p>\n<p>der inne.<\/p>\n<p>&nbsp;<\/p>\n<p>For \u00e5 holde varmen<\/p>\n<p>sl\u00e5r vi hverandre ned.<\/p>\n<p>&nbsp;<\/p>\n<p>Merkelig&#8230;<\/p>\n<p>&nbsp;<\/p>\n<p>Bernt K B\u00f8rresen<\/p>\n<p>&nbsp;<\/p>\n<p><strong>Blues<\/strong><\/p>\n<p>et smil<\/p>\n<p>hengt fast<\/p>\n<p>p\u00e5 leppene<\/p>\n<p>&nbsp;<\/p>\n<p>et smil<\/p>\n<p>som gr\u00e5ter<\/p>\n<p>&nbsp;<\/p>\n<p>\u00d8ystein Rosse<\/p>\n<p>&nbsp;<\/p>\n<p><strong>Veslem\u00f8y<\/strong><\/p>\n<p>Ho er mager og myrk og mj\u00e5<\/p>\n<p>med brune og reine drag<\/p>\n<p>og auge djupe og gr\u00e5<\/p>\n<p>og stillsleg, dr\u00f8ymande lag.<\/p>\n<p>Det er som det halvt um halvt<\/p>\n<p>l\u00e5g ei svevn yver heile ho;<\/p>\n<p>i r\u00f8rsle, tale og alt<\/p>\n<p>hev ho denne d\u00f8yvde ro.<\/p>\n<p>&nbsp;<\/p>\n<p>Under panna fager, men l\u00e5g<\/p>\n<p>lyser augo som att um eim;<\/p>\n<p>det er som dei stirande s\u00e5g<\/p>\n<p>langt inn i ein annan heim.<\/p>\n<p>&nbsp;<\/p>\n<p>Ho gjeng \u00e5t sin omnskr\u00e5benk<\/p>\n<p>og set seg, men veit det knapt<\/p>\n<p>og tek denne mj\u00f8lkeskjenk,<\/p>\n<p>og sit der roleg fortapt.<\/p>\n<p>Berre barmen gjeng sprengd og tung<\/p>\n<p>og det bivrar um munnen bleik.<\/p>\n<p>Ho er skjelvande sped og veik,<\/p>\n<p>midt i det ho er ven og ung.<\/p>\n<p>&nbsp;<\/p>\n<p>Arne Garborg<\/p>\n<p>&nbsp;<\/p>\n<p><a href=\"http:\/\/vinterhaven.no\/antologi-favoritter-fra-1970-1979\/antologi-3\/olympus-digital-camera-21\/\" rel=\"attachment wp-att-669\"><img loading=\"lazy\" decoding=\"async\" class=\"aligncenter size-medium wp-image-669\" title=\"OLYMPUS DIGITAL CAMERA\" alt=\"\" src=\"http:\/\/vinterhaven.no\/wp-content\/uploads\/2012\/10\/P7220104-300x225.jpg\" width=\"300\" height=\"225\" srcset=\"https:\/\/vinterhaven.no\/wp-content\/uploads\/2012\/10\/P7220104-300x225.jpg 300w, https:\/\/vinterhaven.no\/wp-content\/uploads\/2012\/10\/P7220104-1024x768.jpg 1024w\" sizes=\"auto, (max-width: 300px) 100vw, 300px\" \/><\/a><\/p>\n<p>&nbsp;<\/p>\n<p><strong>Skj\u00e6rgaards\u00f8<\/strong><\/p>\n<p>Nu glider b\u00e5ten<\/p>\n<p>mot skj\u00e6rgaards\u00f8en,<\/p>\n<p>en \u00f8 i havet<\/p>\n<p>med gr\u00f8nne strande.<\/p>\n<p>Her lever blomster<\/p>\n<p>for ingens \u00f8yne<\/p>\n<p>de staar saa fremmed<\/p>\n<p>og ser meg lande.<\/p>\n<p>&nbsp;<\/p>\n<p>Mitt hjerte blir som<\/p>\n<p>en fabelhave<\/p>\n<p>med samme blomster<\/p>\n<p>som \u00f8en eier.<\/p>\n<p>De taler sammen<\/p>\n<p>og hvisker s\u00e6lsomt,<\/p>\n<p>som b\u00f8rn de m\u00f8tes<\/p>\n<p>og ler og neier.<\/p>\n<p>&nbsp;<\/p>\n<p>Her var jeg kanskje<\/p>\n<p>i tidens morgen<\/p>\n<p>som hvit spirea<\/p>\n<p>engang at finde.<\/p>\n<p>Jeg kjenner duften<\/p>\n<p>igjen fra fordum,<\/p>\n<p>jeg skj\u00e6lver midt i<\/p>\n<p>et gammelt minne.<\/p>\n<p>&nbsp;<\/p>\n<p>Mitt \u00f8ye lukkes,<\/p>\n<p>en fjern erindring<\/p>\n<p>har lagt mitt hode<\/p>\n<p>ned til min skulder.<\/p>\n<p>S\u00e5 tetner natten<\/p>\n<p>inn over \u00f8en<\/p>\n<p>og havet buldrer<\/p>\n<p>Nirvanas bulder.<\/p>\n<p>&nbsp;<\/p>\n<p>Knut Hamsun<\/p>\n<p>&nbsp;<\/p>\n<p><strong>Jarnnetter<\/strong><\/p>\n<p>Tyngst var den lange natta<\/p>\n<p>da ingen kom.<\/p>\n<p>Men jarnnetters sorg i mitt hjarte<\/p>\n<p>taler eg aldri om.<\/p>\n<p>&nbsp;<\/p>\n<p>Jarnnetters sorg for henne<\/p>\n<p>eg aldri fann,<\/p>\n<p>er tagal som sorga fr\u00e5 alle<\/p>\n<p>us\u00e6le armodsland.<\/p>\n<p>&nbsp;<\/p>\n<p>Jarnnetters sorg i verda<\/p>\n<p>har aldri dag.<\/p>\n<p>Min elskhug har berre mitt eige<\/p>\n<p>einslege hjarteslag.<\/p>\n<p>&nbsp;<\/p>\n<p>Tor Jonsson<\/p>\n<p>&nbsp;<\/p>\n<p><strong>Ordet<\/strong><\/p>\n<p>Dei gl\u00f8ymast dei gjeve<\/p>\n<p>og alt det dei gjorde.<\/p>\n<p>Min livet er \u00e6ve<\/p>\n<p>og evig er Ordet.<\/p>\n<p>&nbsp;<\/p>\n<p>Tor Jonsson<\/p>\n<p>&nbsp;<\/p>\n<p><strong>Til sist<\/strong><\/p>\n<p>Til sist<\/p>\n<p>f\u00e5r tausheten ord<\/p>\n<p>i et landskap med h\u00f8sttunge marker<\/p>\n<p>veier og stier<\/p>\n<p>i et uendelig m\u00f8nster,<\/p>\n<p>elver i skyggebl\u00e5 leier<\/p>\n<p>og den hemmelige grotte<\/p>\n<p>hvor havet s\u00f8ker inn<\/p>\n<p>r\u00f8dt etter fullm\u00e5ne.<\/p>\n<p>&nbsp;<\/p>\n<p>Astrid Tollefsen<\/p>\n<p>&nbsp;<\/p>\n<p><strong>Uv\u00e6r<\/strong><\/p>\n<p>Som en hjord av torden\u00f8gler<\/p>\n<p>p\u00e5 marsj i juratiden<\/p>\n<p>trekker de sv\u00e6re skyer<\/p>\n<p>inn over landskapet &#8211;<\/p>\n<p>vettskremt og lykkelig<\/p>\n<p>st\u00e5r jeg i m\u00f8rket og kjenner<\/p>\n<p>Guds v\u00e5te knyttnever<\/p>\n<p>hamre meg inn i ansiktet.<\/p>\n<p>&nbsp;<\/p>\n<p>Andre&#8217; Bjerke<\/p>\n<p>&nbsp;<\/p>\n<p><strong>M\u00e4nniskans hem<\/strong><\/p>\n<p>Nu \u00e4r det natt \u00f6ver jorden.<\/p>\n<p>Darrande stj\u00e4rna, gl\u00e4ns.<\/p>\n<p>V\u00e4rldarna vandra s\u00e5 fj\u00e4rran.<\/p>\n<p>M\u00f6rket \u00e4r utan gr\u00e4ns.<\/p>\n<p>&nbsp;<\/p>\n<p>Marken och mullen och m\u00f6rket,<\/p>\n<p>varf\u00f6r \u00e4lskar jeg dem?<\/p>\n<p>&#8211; Stj\u00e4rnorna vandra s\u00e5 fj\u00e4rran.<\/p>\n<p>Jorden \u00e4r m\u00e4nniskans hem.<\/p>\n<p>&nbsp;<\/p>\n<p>Erik Blomberg<\/p>\n<p>&nbsp;<\/p>\n<p><strong>Kring halva jorden<\/strong><\/p>\n<p>Kring halva jorden jag letat har<\/p>\n<p>en punkt, som jag vakrast fick kalla.<\/p>\n<p>S\u00e5 vackra voro de alla,<\/p>\n<p>att ingen vackrere var.<\/p>\n<p>&nbsp;<\/p>\n<p>Tag allt, som \u00e4r mitt och mitt kan bli,<\/p>\n<p>men l\u00e4mna min yppersta g\u00e5va;<\/p>\n<p>att kunne njuta och lova,<\/p>\n<p>d\u00e4r en annan g\u00e5r kallt f\u00f6rbi!<\/p>\n<p>&nbsp;<\/p>\n<p>Erik Axel Karlfeldt<\/p>\n<p>&nbsp;<\/p>\n<p><strong>N\u00e4r lyckan m\u00f6tte k\u00e4rleken<\/strong><\/p>\n<p>N\u00e4r lyckan m\u00f6tte k\u00e4rleken<\/p>\n<p>en midsommardag,<\/p>\n<p>sa k\u00e4rleken til lyckan: Min syster<\/p>\n<p>jag vet at du \u00e4r vackrare<\/p>\n<p>och starkare enn jag<\/p>\n<p>&#8211; s\u00e5 hj\u00e4lp v\u00e5r lille bror<\/p>\n<p>som \u00e4r s\u00e5 dyster.<\/p>\n<p>Men lyckan bara skrattade<\/p>\n<p>och hepna fick vi se<\/p>\n<p>hur lite som han fattade<\/p>\n<p>av l\u00e4ngtan och ide<\/p>\n<p>och allt som g\u00e5r allena och gr\u00e5ter.<\/p>\n<p>&nbsp;<\/p>\n<p>Frans G Bengtsson<\/p>\n<p>&nbsp;<\/p>\n<p><a href=\"http:\/\/vinterhaven.no\/antologi-favoritter-fra-1970-1979\/antologi-3\/imag0152\/\" rel=\"attachment wp-att-671\"><img loading=\"lazy\" decoding=\"async\" class=\"aligncenter size-medium wp-image-671\" title=\"IMAG0152\" alt=\"\" src=\"http:\/\/vinterhaven.no\/wp-content\/uploads\/2012\/10\/IMAG0152-179x300.jpg\" width=\"179\" height=\"300\" srcset=\"https:\/\/vinterhaven.no\/wp-content\/uploads\/2012\/10\/IMAG0152-179x300.jpg 179w, https:\/\/vinterhaven.no\/wp-content\/uploads\/2012\/10\/IMAG0152-613x1024.jpg 613w, https:\/\/vinterhaven.no\/wp-content\/uploads\/2012\/10\/IMAG0152.jpg 1552w\" sizes=\"auto, (max-width: 179px) 100vw, 179px\" \/><\/a><\/p>\n<p>&nbsp;<\/p>\n<p><em>Den mann som ikke har musikk i seg<\/em><\/p>\n<p><em>og ei blir r\u00f8rt av milde toners samklang<\/em><\/p>\n<p><em>er lumsk, forr\u00e6dersk, rovlysten og slu<\/em><\/p>\n<p><em>triste som natten er hans sinns bevegelser<\/em><\/p>\n<p><em>og m\u00f8rke er hans f\u00f8lelser som Erebus.<\/em><\/p>\n<p><em>Stol aldri p\u00e5 slik en mann.<\/em><\/p>\n<p>&nbsp;<\/p>\n<p>Shakespeare<\/p>\n<p>&nbsp;<\/p>\n<p><strong>Usagte ord<\/strong><\/p>\n<p>Hvorfor sa du aldri til meg<\/p>\n<p>de ord du hadde tenkt \u00e5 si<\/p>\n<p>Istedet gikk du inn i t\u00e5ken<\/p>\n<p>og gjemte deg der<\/p>\n<p>med dine t\u00e5rer<\/p>\n<p>var det fordi du ikkeville<\/p>\n<p>s\u00e5re meg<\/p>\n<p>kanskje du var redd<\/p>\n<p>du skulle miste meg.<\/p>\n<p>Visste du ikke<\/p>\n<p>at det var nettopp de ord<\/p>\n<p>jeg ville h\u00f8re<\/p>\n<p>S\u00e5 var det allikevel derfor<\/p>\n<p>du mistet meg<\/p>\n<p>fordi du tiet<\/p>\n<p>og led ensom<\/p>\n<p>med dine t\u00e5rer.<\/p>\n<p>\u00c5 om du bare hadde visst det<\/p>\n<p>at man m\u00e5 v\u00e6re to<\/p>\n<p>om t\u00e5rene<\/p>\n<p>En som gr\u00e5ter<\/p>\n<p>og en som tr\u00f8ster<\/p>\n<p>Kom og si meg<\/p>\n<p>det du hadde tenkt \u00e5 si<\/p>\n<p>s\u00e5 vil jeg t\u00f8rre bort<\/p>\n<p>hver t\u00e5re av dine \u00f8yne<\/p>\n<p>og du skal aldri mer gr\u00e5te.<\/p>\n<p>&nbsp;<\/p>\n<p>Ivar Albertsen<\/p>\n<p>&nbsp;<\/p>\n<p><strong>Riksv\u00e5pen<\/strong><\/p>\n<p>Ikke en l\u00f8veklo<\/p>\n<p>krummet om \u00f8ksa<\/p>\n<p>mot r\u00f8d bunn<\/p>\n<p>&nbsp;<\/p>\n<p>men et fuglebryst<\/p>\n<p>&nbsp;<\/p>\n<p>foten til ei gr\u00e5meise,<\/p>\n<p>naken, r\u00f8yktynn<\/p>\n<p>krummet om iset grein<\/p>\n<p>mot en gr\u00f8nn vinterhimmel<\/p>\n<p>&nbsp;<\/p>\n<p>Hans B\u00f8rli<\/p>\n<p>&nbsp;<\/p>\n<p><strong>Etter Auschwitz<\/strong><\/p>\n<p>Det er hardt<\/p>\n<p>\u00e5 se seg selv i \u00f8ynene<\/p>\n<p>etter det som hendte<\/p>\n<p>i Auschwitz.<\/p>\n<p>I Hiroshima.<\/p>\n<p>I Song May &#8211;<\/p>\n<p>Men vend ikke speilet!<\/p>\n<p>Tro ikke<\/p>\n<p>at helvete hadde v\u00e6rt mulig<\/p>\n<p>uten deg og meg.<\/p>\n<p>&nbsp;<\/p>\n<p>Hans B\u00f8rli<\/p>\n<p>&nbsp;<\/p>\n<p><em>&#8211; \u00c5 sj\u00e5 seg sj\u00f8lv falla<\/em><\/p>\n<p><em>i grava en freista g\u00e5 utanom.<\/em><\/p>\n<p>&nbsp;<\/p>\n<p><em>\u00c5 late skuldkjensla<\/em><\/p>\n<p><em>grava jorda bort under f\u00f8tene<\/em><\/p>\n<p>&nbsp;<\/p>\n<p><em>&#8211; \u00c5 kjenne at st\u00e5let var hardt<\/em><\/p>\n<p><em>i den kniven<\/em><\/p>\n<p><em>ein st\u00f8tte mot sitt eige hjarta,<\/em><\/p>\n<p>&nbsp;<\/p>\n<p><em>&#8211; er \u00e5 mognast<\/em><\/p>\n<p>&#8211;<em> \u00e5 sj\u00e5 livet<\/em><\/p>\n<p><em>og kjenna at det er ditt<\/em><\/p>\n<p>&nbsp;<\/p>\n<p>Annabj\u00f8rg Rossehaug<\/p>\n<p>&nbsp;<\/p>\n<p><strong>Kunne jeg bare<\/strong><\/p>\n<p>Kunne jeg bare f\u00e5 leve<\/p>\n<p>en eneste liten stund<\/p>\n<p>med en visshet<\/p>\n<p>om hvem jeg var<\/p>\n<p>&nbsp;<\/p>\n<p>Kunne jeg bare f\u00e5 synke<\/p>\n<p>i nettenes dype bunn<\/p>\n<p>uten dr\u00f8mmers<\/p>\n<p>ekko og svar<\/p>\n<p>&nbsp;<\/p>\n<p>Kunne jeg bare f\u00e5 presse<\/p>\n<p>min brennende hete munn<\/p>\n<p>mot m\u00f8rket selv<\/p>\n<p>Og hvile med lukkede \u00f8yne<\/p>\n<p>et seende kort sekund.<\/p>\n<p>&nbsp;<\/p>\n<p>Stein Mehren<\/p>\n<p>&nbsp;<\/p>\n<p><strong>Den f\u00f6rsta kyssen<\/strong><\/p>\n<p><strong><\/strong>P\u00e5 silvermolnets kant satt aftonstj\u00e4rnan,<\/p>\n<p>fr\u00e5n lundens skymning fr\u00e5gte henne t\u00e4rnan:<\/p>\n<p>&laquo;S\u00e4g, aftonstj\u00e4rna, vad i himlen t\u00e4nkes,<\/p>\n<p>n\u00e4r f\u00f6rsta kyssen \u00e5t en \u00e4lskling sk\u00e4nkes?&raquo;<\/p>\n<p>&nbsp;<\/p>\n<p>Och himlens blyga dotter h\u00f6rdes svara:<\/p>\n<p>&laquo;P\u00e5 jorden blickar ljusets \u00e4nglaskara<\/p>\n<p>och ser sin egen s\u00e4llhet speglad \u00e5ter,<\/p>\n<p>blott d\u00f6den v\u00e4nder \u00f6gat bort\u00a0 &#8211; och gr\u00e5ter.&raquo;<\/p>\n<p>&nbsp;<\/p>\n<p>Johan Ludvig Runeberg<\/p>\n<p>&nbsp;<\/p>\n<p><strong>Stj\u00e4rnan<\/strong><\/p>\n<p>Pl\u00f6tsligt fick jag ena armen fri<\/p>\n<p>fr\u00e5n armarna som h\u00f6ll om mej<\/p>\n<p>och r\u00e4ckte den ut och r\u00f6rde vid en stj\u00e4rna:<\/p>\n<p>jo, hon var d\u00e4r, hon hadde inte bytt f\u00e4rj,<\/p>\n<p>Stj\u00e4rnan var djup som f\u00f6rr med<\/p>\n<p>bl\u00e5a taggar<\/p>\n<p>och min, bara min &#8211;<\/p>\n<p>stj\u00e4rnan stod i sitt rum<\/p>\n<p>vi sm\u00e5log mot varann<\/p>\n<p>och v\u00e4nde oss b\u00e5da om<\/p>\n<p>mot var sin himmel.<\/p>\n<p>&nbsp;<\/p>\n<p>Solveig von Schoultz<\/p>\n<p>&nbsp;<\/p>\n<p><a href=\"http:\/\/vinterhaven.no\/antologi-favoritter-fra-1970-1979\/antologi-3\/imag0064\/\" rel=\"attachment wp-att-672\"><img loading=\"lazy\" decoding=\"async\" class=\"aligncenter size-medium wp-image-672\" title=\"IMAG0064\" alt=\"\" src=\"http:\/\/vinterhaven.no\/wp-content\/uploads\/2012\/10\/IMAG0064-300x179.jpg\" width=\"300\" height=\"179\" srcset=\"https:\/\/vinterhaven.no\/wp-content\/uploads\/2012\/10\/IMAG0064-300x179.jpg 300w, https:\/\/vinterhaven.no\/wp-content\/uploads\/2012\/10\/IMAG0064-1024x613.jpg 1024w\" sizes=\"auto, (max-width: 300px) 100vw, 300px\" \/><\/a><\/p>\n<p>&nbsp;<\/p>\n<p><strong>\u00a0Hugvende<\/strong><\/p>\n<p>Du livsens mor, kvi fekk eg ikkje sove<\/p>\n<p>den andelause svevn i uskapt land;<\/p>\n<p>eg tigga ikkje etter livsens g\u00e5ve,<\/p>\n<p>eg bad deg ikkje um det minste grand.<\/p>\n<p>Kvi sette du meg i di stykb\u00e5nstove<\/p>\n<p>og skapte meg s\u00e5 tunge lagnadsband?<\/p>\n<p>Det er kje attervende, eg er bunden<\/p>\n<p>til spanestolen her i lidingslunden.<\/p>\n<p>&nbsp;<\/p>\n<p>Eg gjekk s\u00e5 tidt med von og varme b\u00f8ner<\/p>\n<p>den bratte vegen til din solskinsborg,<\/p>\n<p>eg sa eg var av dine fatigs\u00f8ner,<\/p>\n<p>eg sa med sanning eg var f\u00f8dd med sorg.<\/p>\n<p>Du svara at du gav kje n\u00e5del\u00f8ner,<\/p>\n<p>og eg gjekk tomhendt burt i fr\u00e5 ditt torg.<\/p>\n<p>Eg strauk or auga burt den beiske t\u00e5ra<\/p>\n<p>og klungerkvasse tvil mi kjensle s\u00e5ra.<\/p>\n<p>&nbsp;<\/p>\n<p>Mitt gamle gudetempel skjelv og svigar<\/p>\n<p>og fell; eg ser det utan ank og spott.<\/p>\n<p>Eg f\u00e6r eit allheimsutsyn og eg tregar<\/p>\n<p>kje nokon ting eg gjorde, vondt ell godt.<\/p>\n<p>Eg elskar nauda mi som bryt meg vegar<\/p>\n<p>til mine eigne fagre kjensleslott.<\/p>\n<p>Eg hev mi s\u00e6le og mi berging funne<\/p>\n<p>i blode som or barmen min hev runne.<\/p>\n<p>&nbsp;<\/p>\n<p>Olav Nygard<\/p>\n<p>&nbsp;<\/p>\n<p><a href=\"http:\/\/vinterhaven.no\/antologi-favoritter-fra-1970-1979\/antologi-3\/imag0127\/\" rel=\"attachment wp-att-675\"><img loading=\"lazy\" decoding=\"async\" class=\"aligncenter size-medium wp-image-675\" title=\"IMAG0127\" alt=\"\" src=\"http:\/\/vinterhaven.no\/wp-content\/uploads\/2012\/10\/IMAG0127-300x179.jpg\" width=\"300\" height=\"179\" srcset=\"https:\/\/vinterhaven.no\/wp-content\/uploads\/2012\/10\/IMAG0127-300x179.jpg 300w, https:\/\/vinterhaven.no\/wp-content\/uploads\/2012\/10\/IMAG0127-1024x613.jpg 1024w\" sizes=\"auto, (max-width: 300px) 100vw, 300px\" \/><\/a><\/p>\n<p>&nbsp;<\/p>\n<p><strong>Vegvill<\/strong><\/p>\n<p>Vi ser<\/p>\n<p>at jord<\/p>\n<p>og stjerner<\/p>\n<p>og skyer<\/p>\n<p>er duftende roser<\/p>\n<p>i universet &#8211;<\/p>\n<p>Lys &#8211;<\/p>\n<p>tid &#8211;<\/p>\n<p>stoff &#8211;<\/p>\n<p>Vi pynter v\u00e5re hjerter<\/p>\n<p>med blomster av papir<\/p>\n<p>og knuser<\/p>\n<p>de ringlende gr\u00f8nne<\/p>\n<p>str\u00e5<\/p>\n<p>som slekter s\u00e5dde<\/p>\n<p>p\u00e5 steingrunn.<\/p>\n<p>Vi knuser<\/p>\n<p>med beinharde never<\/p>\n<p>s\u00e5 vi kan f\u00e5 rom<\/p>\n<p>til dagens byggverk<\/p>\n<p>av plast.<\/p>\n<p>&nbsp;<\/p>\n<p>Einar Skj\u00e6r\u00e5sen<\/p>\n<p>&nbsp;<\/p>\n<p><strong>Den rene av hjertet<\/strong><\/p>\n<p>Monumenter til \u00e6re<\/p>\n<p>S\u00f8yler for makt<\/p>\n<p>Selv her m\u00e5 det v\u00e6re<\/p>\n<p>synlig og sagt:<\/p>\n<p>tungt er \u00e5 b\u00e6re<\/p>\n<p>den ringes drakt.<\/p>\n<p>&nbsp;<\/p>\n<p>Se ikke hen til<\/p>\n<p>forfengelig skrud<\/p>\n<p>Den rene av hjertet<\/p>\n<p>hviler i Gud.<\/p>\n<p>&nbsp;<\/p>\n<p>Einar Skj\u00e6r\u00e5sen<\/p>\n<p>&nbsp;<\/p>\n<p><a href=\"http:\/\/vinterhaven.no\/antologi-favoritter-fra-1970-1979\/antologi-3\/img_0180\/\" rel=\"attachment wp-att-678\"><img loading=\"lazy\" decoding=\"async\" class=\"aligncenter size-medium wp-image-678\" title=\"IMG_0180\" alt=\"\" src=\"http:\/\/vinterhaven.no\/wp-content\/uploads\/2012\/10\/IMG_0180-300x225.jpg\" width=\"300\" height=\"225\" srcset=\"https:\/\/vinterhaven.no\/wp-content\/uploads\/2012\/10\/IMG_0180-300x225.jpg 300w, https:\/\/vinterhaven.no\/wp-content\/uploads\/2012\/10\/IMG_0180-1024x768.jpg 1024w\" sizes=\"auto, (max-width: 300px) 100vw, 300px\" \/><\/a><\/p>\n<p>&nbsp;<\/p>\n<p><strong>Treet<\/strong><\/p>\n<p>Sj\u00e5 treet,<\/p>\n<p>einsamt st\u00e5r det,<\/p>\n<p>nakent<\/p>\n<p>i kaldt, gulbleikt mars-gry<\/p>\n<p>med skarp kant av skaresn\u00f8<\/p>\n<p>kring foten.<\/p>\n<p>&nbsp;<\/p>\n<p>Dei andre tre her p\u00e5 sletta<\/p>\n<p>st\u00e5r samansigne i stivt bar<\/p>\n<p>og s\u00f8v trygt i sin vinter.<\/p>\n<p>Men dette er annleis enn dei.<\/p>\n<p>&nbsp;<\/p>\n<p>For dette aleine er nakent<\/p>\n<p>og ventar lauv.<\/p>\n<p>Knuppane ligg alt som dropar,<\/p>\n<p>tett etter kvar ein kvist.<\/p>\n<p>Varsamt og vakt, ur\u00f8rleg<\/p>\n<p>st\u00e5r treet og ber sin skatt<\/p>\n<p>med veik glans som av perler<\/p>\n<p>kring seg fr\u00e5 rot til topp.<\/p>\n<p>&nbsp;<\/p>\n<p>G\u00e5 ikkje n\u00e6rare.<\/p>\n<p>Stilt skal det vera her, enno<\/p>\n<p>ingen m\u00e5 vakne her, enno<\/p>\n<p>men snart, snart &#8211;<\/p>\n<p>derfor ligg dette mjuke<\/p>\n<p>skimmer, lett som ein<\/p>\n<p>lykkeleg draum<\/p>\n<p>over det spirande liv.<\/p>\n<p>&nbsp;<\/p>\n<p>Alt p\u00e5 v\u00e5r jord som ber<\/p>\n<p>knuppar<\/p>\n<p>og veit si fullbyrding n\u00e6r<\/p>\n<p>har dette skimmeret kring seg<\/p>\n<p>av venting og togn og draum.<\/p>\n<p>&nbsp;<\/p>\n<p>S\u00e5 rart \u00e5 ha sett det treet.<\/p>\n<p>&nbsp;<\/p>\n<p>S\u00e5 godt \u00e5 ha vore det treet<\/p>\n<p>&#8211; og vera det<\/p>\n<p>enno ein morgon.<\/p>\n<p>&nbsp;<\/p>\n<p>Halldis Moren Vesaas<\/p>\n<p>&nbsp;<\/p>\n<p><strong>F\u00f8dd i g\u00e5r<\/strong><\/p>\n<p>I kveld er eg makelaust, grenselaust glad!<\/p>\n<p>Til far min, \u00e6rverdig og gr\u00e5,<\/p>\n<p>som var eg hans likemann gjekk eg i stad<\/p>\n<p>og gav han eit velmeint r\u00e5d:<\/p>\n<p>Det skulle du gjera, s\u00e5 vidt eg forst\u00e5r!<\/p>\n<p>Han rette p\u00e5 ryggen, far:<\/p>\n<p>Kva skj\u00f8nner vel du, var det kalde svar,<\/p>\n<p>du som vart f\u00f8dd i g\u00e5r.<\/p>\n<p>&nbsp;<\/p>\n<p>Vart eg f\u00f8dd i g\u00e5r? &#8211; Eg vart f\u00f8dd i g\u00e5r!<\/p>\n<p>Eg skunda meg der i fr\u00e5.<\/p>\n<p>Og no ser eg f\u00f8rst at det lid mot v\u00e5r<\/p>\n<p>og himlen er blank og bl\u00e5.<\/p>\n<p>Eg kalla meg sliten, eg kjende meg m\u00f8dd<\/p>\n<p>og trudde all glede endt,<\/p>\n<p>no veit eg at ingenting har meg hendt,<\/p>\n<p>eg som i g\u00e5r vart f\u00f8dd!<\/p>\n<p>&nbsp;<\/p>\n<p>Og eg som har v\u00e5sa om skodde og sky,<\/p>\n<p>om vonbrot og tapte slag<\/p>\n<p>&#8211; eg st\u00e5r i mtt f\u00f8rste str\u00e5lande gry,<\/p>\n<p>skal leggje fr\u00e5 land just i dag!<\/p>\n<p>Eg som s\u00e5 vidt fylte tjue \u00e5r &#8211;<\/p>\n<p>kva veit eg om sorgane, eg!<\/p>\n<p>Min strenge far, &#8211; Gud velsigne deg!<\/p>\n<p>Visst vart eg f\u00f8dd i g\u00e5r.<\/p>\n<p>&nbsp;<\/p>\n<p>Halldis Moren Vesaas<\/p>\n<p>&nbsp;<\/p>\n<p><a href=\"http:\/\/vinterhaven.no\/antologi-favoritter-fra-1970-1979\/antologi-3\/olympus-digital-camera-23\/\" rel=\"attachment wp-att-679\"><img loading=\"lazy\" decoding=\"async\" class=\"aligncenter size-medium wp-image-679\" title=\"OLYMPUS DIGITAL CAMERA\" alt=\"\" src=\"http:\/\/vinterhaven.no\/wp-content\/uploads\/2012\/10\/PA160048-300x225.jpg\" width=\"300\" height=\"225\" srcset=\"https:\/\/vinterhaven.no\/wp-content\/uploads\/2012\/10\/PA160048-300x225.jpg 300w, https:\/\/vinterhaven.no\/wp-content\/uploads\/2012\/10\/PA160048-1024x768.jpg 1024w\" sizes=\"auto, (max-width: 300px) 100vw, 300px\" \/><\/a><\/p>\n<p>&nbsp;<\/p>\n<p><strong>En k\u00e4rleksvisa<\/strong><\/p>\n<p>Jag k\u00f6pte min k\u00e4rlek f\u00f6r pengar<\/p>\n<p>f\u00f6r mej var ej ennan att f\u00e5,<\/p>\n<p>sjung vackert, I skorrande str\u00e4nger,<\/p>\n<p>sjung vackert om k\u00e4rlek\u00a0 \u00e4nd\u00e5.<\/p>\n<p>&nbsp;<\/p>\n<p>Den dr\u00f6mmen, som aldri besannats,<\/p>\n<p>som dr\u00f6m var den vacker att f\u00e5,<\/p>\n<p>f\u00f6r den, som ur Eden f\u00f6rbannats<\/p>\n<p>\u00e4r Eden ett Eden \u00e4nd\u00e5.<\/p>\n<p>&nbsp;<\/p>\n<p>Gustaf Fr\u00f6ding<\/p>\n<p>&nbsp;<\/p>\n<p>&nbsp;<\/p>\n<p>&nbsp;<\/p>\n","protected":false},"excerpt":{"rendered":"<p>&nbsp; Samlet 1975 &#8211; 1980 &nbsp; Det riktigt sv\u00e5ra Det riktigt sv\u00e5ra kan b\u00e4ras med ett slags l\u00e4tthet. Det \u00e4r s\u00e5 annorlunda \u00e4n du hadde t\u00e4nkt dig. Inf\u00f6r olyckan kastar du \u00f6verbord barlasten av f\u00f6rs\u00e4kringar och bekymmer f\u00f6r andras meningar. &hellip; <a href=\"https:\/\/vinterhaven.no\/?page_id=657\">Les videre <span class=\"meta-nav\">&rarr;<\/span><\/a><\/p>\n","protected":false},"author":1,"featured_media":0,"parent":560,"menu_order":3,"comment_status":"open","ping_status":"closed","template":"","meta":{"footnotes":""},"class_list":["post-657","page","type-page","status-publish","hentry"],"_links":{"self":[{"href":"https:\/\/vinterhaven.no\/index.php?rest_route=\/wp\/v2\/pages\/657","targetHints":{"allow":["GET"]}}],"collection":[{"href":"https:\/\/vinterhaven.no\/index.php?rest_route=\/wp\/v2\/pages"}],"about":[{"href":"https:\/\/vinterhaven.no\/index.php?rest_route=\/wp\/v2\/types\/page"}],"author":[{"embeddable":true,"href":"https:\/\/vinterhaven.no\/index.php?rest_route=\/wp\/v2\/users\/1"}],"replies":[{"embeddable":true,"href":"https:\/\/vinterhaven.no\/index.php?rest_route=%2Fwp%2Fv2%2Fcomments&post=657"}],"version-history":[{"count":13,"href":"https:\/\/vinterhaven.no\/index.php?rest_route=\/wp\/v2\/pages\/657\/revisions"}],"predecessor-version":[{"id":857,"href":"https:\/\/vinterhaven.no\/index.php?rest_route=\/wp\/v2\/pages\/657\/revisions\/857"}],"up":[{"embeddable":true,"href":"https:\/\/vinterhaven.no\/index.php?rest_route=\/wp\/v2\/pages\/560"}],"wp:attachment":[{"href":"https:\/\/vinterhaven.no\/index.php?rest_route=%2Fwp%2Fv2%2Fmedia&parent=657"}],"curies":[{"name":"wp","href":"https:\/\/api.w.org\/{rel}","templated":true}]}}