{"id":681,"date":"2012-10-18T14:35:03","date_gmt":"2012-10-18T14:35:03","guid":{"rendered":"http:\/\/vinterhaven.no\/?page_id=681"},"modified":"2013-09-06T11:15:22","modified_gmt":"2013-09-06T11:15:22","slug":"antologi-4","status":"publish","type":"page","link":"https:\/\/vinterhaven.no\/?page_id=681","title":{"rendered":"Antologi. Det jeg ikke forst\u00e5r."},"content":{"rendered":"<p>&nbsp;<\/p>\n<p>Samlet 1985 &#8211; 1990<\/p>\n<p>&nbsp;<\/p>\n<p><strong>Till sm\u00e4rtan<\/strong><\/p>\n<p>Jag vet ej om fullare fr\u00f6jd st\u00e5r att n\u00e5<\/p>\n<p>\u00e4n n\u00e4r l\u00e4pporna sk\u00e4lva av gr\u00e5t,<\/p>\n<p>om vi n\u00e5gonsin leva s\u00e5 gr\u00e4nsl\u00f6st som d\u00e5,<\/p>\n<p>n\u00e4r pannan av \u00e5ngest \u00e4r v\u00e5t.<\/p>\n<p>Och ingen kom s\u00e5 hel och ren<\/p>\n<p>til lyckans vardagssal<\/p>\n<p>som den som var med sig sj\u00e4lv allen<\/p>\n<p>en natt i skakande kval.<\/p>\n<p>&nbsp;<\/p>\n<p>Dan Anderson<\/p>\n<p>&nbsp;<\/p>\n<p><strong>Den ukjende<\/strong><\/p>\n<p>Eg er ein mann som ingen kjenner.<\/p>\n<p>For den eg er gikk st\u00f8tt en ukjend veg.<\/p>\n<p>Far vel da, alle gode venner<\/p>\n<p>som berre kjenner han som aldri likna meg.<\/p>\n<p>&nbsp;<\/p>\n<p>Meg kan ingen rose eller laste,<\/p>\n<p>for ingen kjenner meg, og ingen kjem meg n\u00e6r.<\/p>\n<p>S\u00e5 tei still venner, s\u00e5 eg slepp \u00e5 h\u00f8yre<\/p>\n<p>ros og ris for det eg ikkje er.<\/p>\n<p>&nbsp;<\/p>\n<p>Men eingong kjem vel alle venner<\/p>\n<p>og f\u00f8rer meg til grava. Og s\u00e5 god natt, god natt.<\/p>\n<p>Men eg skal f\u00f8lgje med n\u00e5r dei g\u00e5r heim fra laget<\/p>\n<p>da skrymtar eg i skuggene, i grenda g\u00e5r eg att.<\/p>\n<p>&nbsp;<\/p>\n<p>Meg kan ingen grava ned, det er ingen<\/p>\n<p>som har kjent meg.<\/p>\n<p>Det bur en annan i meg, han \u00e5tte aldri ord.<\/p>\n<p>Han lever att i andre og vandrar i sin himmel<\/p>\n<p>p\u00e5 denne barndomsfagre og bombesprengde jord.<\/p>\n<p>&nbsp;<\/p>\n<p>Tor Jonsson<\/p>\n<p>&nbsp;<\/p>\n<p><strong>Det er ingen hverdag mer<\/strong><\/p>\n<p>Gud, hvis du enn\u00e5 ser:<\/p>\n<p>det er ingen hverdag mer.<\/p>\n<p>&nbsp;<\/p>\n<p>Det er bare stumme skrik<\/p>\n<p>det er bare sorte lik<\/p>\n<p>&nbsp;<\/p>\n<p>som henger i r\u00f8de tr\u00e6r!<\/p>\n<p>H\u00f8r hvor stille det er.<\/p>\n<p>&nbsp;<\/p>\n<p>Vi vender oss for \u00e5 g\u00e5 hjem,<\/p>\n<p>men alltid m\u00f8ter vi dem.<\/p>\n<p>&nbsp;<\/p>\n<p>Alt vi fornemmer en dag<\/p>\n<p>er de dreptes \u00e5ndedrag!<\/p>\n<p>&nbsp;<\/p>\n<p>Om vi i glemsel g\u00e5r:<\/p>\n<p>det er asken deres vi tr\u00e5r.<\/p>\n<p>&nbsp;<\/p>\n<p>Gud, hvis du enn\u00e5 ser:<\/p>\n<p>Det er ingen hverdag mer.<\/p>\n<p>&nbsp;<\/p>\n<p>Gunvor Hofmo<\/p>\n<p>&nbsp;<\/p>\n<p><strong>Jag vil m\u00f6ta<\/strong><\/p>\n<p>Rustad, rak och pansersluten<\/p>\n<p>gick jag fram &#8211;<\/p>\n<p>men av skr\u00e4ck var brynjan gjuten<\/p>\n<p>och av skam.<\/p>\n<p>&nbsp;<\/p>\n<p>Jag vill kasta mine vapen,<\/p>\n<p>sv\u00e4rd och sk\u00f6ld.<\/p>\n<p>All den h\u00e5rda fiendskapen<\/p>\n<p>var min k\u00f6ld.<\/p>\n<p>&nbsp;<\/p>\n<p>Jag har sett de torra fr\u00f6na<\/p>\n<p>gro til slut<\/p>\n<p>jag har sett det ljusa gr\u00f6na<\/p>\n<p>vecklas ut<\/p>\n<p>&nbsp;<\/p>\n<p>M\u00e4ktigt er det speda livet<\/p>\n<p>mer \u00e4n j\u00e4rn,<\/p>\n<p>fram ur jordens hj\u00e4rta drivet<\/p>\n<p>utan v\u00e4rn.<\/p>\n<p>&nbsp;<\/p>\n<p>V\u00e5ren gryr i vinterns trakter,<\/p>\n<p>d\u00e4r jag fr\u00f6s.<\/p>\n<p>Jag vill m\u00f6ta livets makter<\/p>\n<p>vapenl\u00f6s.<\/p>\n<p>&nbsp;<\/p>\n<p>Karin Boye<\/p>\n<p>&nbsp;<\/p>\n<p><strong>Dagen svallnar<\/strong><\/p>\n<p>Dagen svallnar mot kv\u00e4llen&#8230;<\/p>\n<p>Drick v\u00e4rmen ur min hand,<\/p>\n<p>min hand har samma blod som v\u00e5ren.<\/p>\n<p>Tag min hand, tag min vita arm,<\/p>\n<p>tag mina smala axlars l\u00e4ngtan&#8230;<\/p>\n<p>Det vore underligt at k\u00e4nna,<\/p>\n<p>en enda natt, en natt som denna<\/p>\n<p>ditt tunge huvud mot mitt br\u00f6st.<\/p>\n<p>&nbsp;<\/p>\n<p>Du kastade din k\u00e4rleks r\u00f6da ros<\/p>\n<p>i mitt vita sk\u00f6te &#8211;<\/p>\n<p>jag h\u00e5ller fast i mina heta h\u00e4nder<\/p>\n<p>din k\u00e4rleks r\u00f6da ros som vissnar snart.<\/p>\n<p>O du h\u00e4rskare med kalla \u00f6gon,<\/p>\n<p>jag tar emot den krona du r\u00e4cker mig,<\/p>\n<p>som b\u00f6jer ned mitt huvud mot mitt hj\u00e4rta.<\/p>\n<p>&nbsp;<\/p>\n<p>Jag s\u00e5g min herre f\u00f6r f\u00f6rsta g\u00e5ngen i dag,<\/p>\n<p>darrande kj\u00e4nde jag genast igen honom.<\/p>\n<p>Nu k\u00e4nner jag ren hans tunga hand p\u00e5 min l\u00e4tta arm.<\/p>\n<p>Var \u00e4r mitt klingande jungfruskratt?<\/p>\n<p>min kvinnofrihet med h\u00f6gburet huvud?<\/p>\n<p>Nu k\u00e4nner jag ren hans fasta grepp om min sk\u00e4lvande kropp,<\/p>\n<p>nu h\u00f6r jag verklighetens h\u00e5rda klang<\/p>\n<p>mot mina sk\u00f6ra, sk\u00f6ra dr\u00f6mmar.<\/p>\n<p>&nbsp;<\/p>\n<p>Du s\u00f6kte en blomma<\/p>\n<p>och fann en frukt<\/p>\n<p>Du s\u00f6kte en k\u00e4lla<\/p>\n<p>och fann et hav.<\/p>\n<p>Du s\u00f6kte en kvinna<\/p>\n<p>och fann en sj\u00e4l &#8211;<\/p>\n<p>du \u00e4r besviken.<\/p>\n<p>&nbsp;<\/p>\n<p>Edith S\u00f6dergran<\/p>\n<p><a href=\"http:\/\/vinterhaven.no\/antologi-favoritter-fra-1970-1979\/antologi-4\/olympus-digital-camera-24\/\" rel=\"attachment wp-att-688\"><img loading=\"lazy\" decoding=\"async\" class=\"aligncenter size-medium wp-image-688\" title=\"OLYMPUS DIGITAL CAMERA\" alt=\"\" src=\"http:\/\/vinterhaven.no\/wp-content\/uploads\/2012\/10\/PA150044-300x225.jpg\" width=\"300\" height=\"225\" srcset=\"https:\/\/vinterhaven.no\/wp-content\/uploads\/2012\/10\/PA150044-300x225.jpg 300w, https:\/\/vinterhaven.no\/wp-content\/uploads\/2012\/10\/PA150044-1024x768.jpg 1024w\" sizes=\"auto, (max-width: 300px) 100vw, 300px\" \/><\/a><\/p>\n<p>&nbsp;<\/p>\n<p><strong>Du \u00e4r hos mig<\/strong><\/p>\n<p>Du \u00e4r hos mig, jag \u00e4r hos dig,<\/p>\n<p>och allt \u00e4r stort och stilla,<\/p>\n<p>och allt \u00e4r annorlunda nu<\/p>\n<p>\u00e4n n\u00e5gon annan dag.<\/p>\n<p>I hela denna vita rymd, d\u00e4r stj\u00e4rnor lysa stilla,<\/p>\n<p>fins bara du och jag, vi tv\u00e5, och v\u00e5ra andetag<\/p>\n<p>nyss heta, fl\u00e4mtande i lust,<\/p>\n<p>och nu s\u00e5 svala, stilla.<\/p>\n<p>I hela denna vita rymd finns bara du och jag.<\/p>\n<p>&nbsp;<\/p>\n<p>Nej, inte du och inte jag, nu \u00e4r det blott en \u00e4nda,<\/p>\n<p>i denna natt och n\u00e4sta dag ch efter tusen \u00e5r.<\/p>\n<p>Bakom oss m\u00e5nga tomma mil,<\/p>\n<p>f\u00f6rh\u00e4rjade och br\u00e4nda,<\/p>\n<p>framf\u00f6r oss en o\u00e4ndlig stig av aldrig anad v\u00e5r.<\/p>\n<p>Den vandra vi, nej inte vi,<\/p>\n<p>nu \u00e4r vi blott en \u00e4nda,<\/p>\n<p>i denna natt och n\u00e4sta dag<\/p>\n<p>och efter tusen \u00e5r.<\/p>\n<p>&nbsp;<\/p>\n<p>Ragnar Eklund<\/p>\n<p>&nbsp;<\/p>\n<p><strong>Den h\u00e5rda gl\u00e4djen<\/strong><\/p>\n<p>Du m\u00e5ste offra allt<\/p>\n<p>och ta din gl\u00e4dje<\/p>\n<p>d\u00e4r den \u00e4r vassast m\u00e4ngd med tagg<\/p>\n<p>vid dikeskanten<\/p>\n<p>&#8211; d\u00e4r den \u00e4r bittrast<\/p>\n<p>och mest tung f\u00f6r dig,<\/p>\n<p>den h\u00e5rda gl\u00e4djen.<\/p>\n<p>S\u00e4g, anar du, vad den f\u00f6rm\u00e5t att ge<\/p>\n<p>den h\u00e5rda gl\u00e4djen,<\/p>\n<p>som pressar allt ditt innersta<\/p>\n<p>och smular ditt hela jag<\/p>\n<p>och tr\u00e4ffer det du djupest g\u00f6mt<\/p>\n<p>och d\u00f6dar &#8211;<\/p>\n<p>&nbsp;<\/p>\n<p>men finns hos dig<\/p>\n<p>och v\u00e4xer till ett ofattbart<\/p>\n<p>och s\u00e4llsamt dyrt och bittert vunnet ting<\/p>\n<p>i dig &#8211;<\/p>\n<p>den h\u00e5rda gl\u00e4djen<\/p>\n<p>som stiger som et jubel<\/p>\n<p>ur din sj\u00e4ls f\u00f6rtvivlan?<\/p>\n<p>&nbsp;<\/p>\n<p>Kerstin S\u00f6derholm<\/p>\n<p>&nbsp;<\/p>\n<p><strong>Natt<\/strong><\/p>\n<p>Min konung, du g\u00e5r \u00f6ver bergen.<\/p>\n<p>Din sl\u00e4pande mantel \u00e4r frid.<\/p>\n<p>Jag bor i en hydda vid floden,<\/p>\n<p>som slingrar sig dunkel och strid.<\/p>\n<p>&nbsp;<\/p>\n<p>Jag sover med \u00f6ppnade f\u00f6nster.<\/p>\n<p>Jag v\u00e4ntar en stj\u00e4rna som bud;<\/p>\n<p>en stj\u00e4rna, som flyger fr\u00e5n bergen<\/p>\n<p>til mig med h\u00e4lsning fr\u00e5n Gud.<\/p>\n<p>&nbsp;<\/p>\n<p>Och tr\u00e4den har sus av min l\u00e4ngtan<\/p>\n<p>och floden min dr\u00f6mmande r\u00f6st;<\/p>\n<p>den f\u00e5gel som ropar i natten,<\/p>\n<p>han ropar til Dig ur mitt br\u00f6st.<\/p>\n<p>&nbsp;<\/p>\n<p>Viola Renvall<\/p>\n<p>&nbsp;<\/p>\n<p><strong>Ditt eneste \u00e6rend<\/strong><\/p>\n<p>Ett eneste \u00e6rend<\/p>\n<p>fikk du g\u00e5,<\/p>\n<p>ett eneste oppdrag<\/p>\n<p>\u00e5 gj\u00f8re.<\/p>\n<p>&nbsp;<\/p>\n<p>P\u00e5 det skal du felles<\/p>\n<p>p\u00e5 det skal du st\u00e5.<\/p>\n<p>&nbsp;<\/p>\n<p>Og alle de andre<\/p>\n<p>selvgjorte krav<\/p>\n<p>legger du av,<\/p>\n<p>&nbsp;<\/p>\n<p>gi akt p\u00e5 deg selv<\/p>\n<p>og p\u00e5 l\u00e6ren<\/p>\n<p>&nbsp;<\/p>\n<p>og g\u00e5 med et smil<\/p>\n<p>om mil etter mil<\/p>\n<p>ditt eneste, eneste \u00e6rend.<\/p>\n<p>&nbsp;<\/p>\n<p>Ingvar Haddal<\/p>\n<p>&nbsp;<\/p>\n<p><strong>Bare et brev<\/strong><\/p>\n<p>Du er bare et brev<\/p>\n<p>han i kj\u00e6rlighet skrev<\/p>\n<p>med Guds hender forseglet og sendt;<\/p>\n<p>&nbsp;<\/p>\n<p>i ord og liv<\/p>\n<p>et lydig skriv,<\/p>\n<p>av mennesker gransket og kjent.<\/p>\n<p>&nbsp;<\/p>\n<p>De leser deg vel<\/p>\n<p>og ser at du selv<\/p>\n<p>er en skr\u00f8pelig bit pergament.<\/p>\n<p>&nbsp;<\/p>\n<p>Men nettopp i det<\/p>\n<p>kan de undrende se<\/p>\n<p>Guds n\u00e5des velsignede prent.<\/p>\n<p>&nbsp;<\/p>\n<p>Ingvar Haddal<\/p>\n<p>&nbsp;<\/p>\n<p><strong>I parentes<\/strong><\/p>\n<p>Stanser du vandrer, ved tavlen, s\u00e5 les:<\/p>\n<p>her st\u00e5r et null i en parentes.<\/p>\n<p>&nbsp;<\/p>\n<p>Alle de g\u00e5ter jeg ikke forst\u00e5r<\/p>\n<p>og alle de goder jeg aldri n\u00e5r<\/p>\n<p>st\u00e5r skrevet p\u00e5 tavlesvart bunn med kritt.<\/p>\n<p>S\u00e5 regn mitt hjerte, stykket er gitt!<\/p>\n<p>&nbsp;<\/p>\n<p>Jeg strever med lagnadens ligningskompleks<\/p>\n<p>og leter etter den ukjente x,<\/p>\n<p>&nbsp;<\/p>\n<p>regner og sliter og stanger imens<\/p>\n<p>mot g\u00e5tens h\u00f8ye potens.<\/p>\n<p>&nbsp;<\/p>\n<p>Jeg er jo et null i blandt nullers snes<\/p>\n<p>og dertil et null i en parente.<\/p>\n<p>&nbsp;<\/p>\n<p>Vel knurrer jeg mot den plassen jeg fikk<\/p>\n<p>i livets innfl\u00f8kte aritmetikk,<\/p>\n<p>&nbsp;<\/p>\n<p>men stormer jeg mot parentesens bur<\/p>\n<p>stanger jeg hodet til blods mot en mur.<\/p>\n<p>&nbsp;<\/p>\n<p>Tiden forsvinner &#8211; timen er kort.<\/p>\n<p>Kun et sekund p\u00e5 Guds viser er v\u00e5rt.<\/p>\n<p>&nbsp;<\/p>\n<p>Snart ringer det ut, og slutt er min kamp.<\/p>\n<p>Da strykes stykket med blodklam svamp.<\/p>\n<p>&nbsp;<\/p>\n<p>S\u00e5 f\u00e5r jeg h\u00e5pe at ogs\u00e5 et null<\/p>\n<p>var, hvor det sattes, betydningsfull.<\/p>\n<p>&nbsp;<\/p>\n<p>Stanser du vandrer, ved tavlen, s\u00e5 les:<\/p>\n<p>her sto en null i en parentes.<\/p>\n<p>&nbsp;<\/p>\n<p>Ingvar Haddal<\/p>\n<p>&nbsp;<\/p>\n<p><a href=\"http:\/\/vinterhaven.no\/antologi-favoritter-fra-1970-1979\/antologi-4\/olympus-digital-camera-26\/\" rel=\"attachment wp-att-696\"><img loading=\"lazy\" decoding=\"async\" class=\"aligncenter size-medium wp-image-696\" title=\"OLYMPUS DIGITAL CAMERA\" alt=\"\" src=\"http:\/\/vinterhaven.no\/wp-content\/uploads\/2012\/10\/P72201051-225x300.jpg\" width=\"225\" height=\"300\" srcset=\"https:\/\/vinterhaven.no\/wp-content\/uploads\/2012\/10\/P72201051-225x300.jpg 225w, https:\/\/vinterhaven.no\/wp-content\/uploads\/2012\/10\/P72201051-768x1024.jpg 768w, https:\/\/vinterhaven.no\/wp-content\/uploads\/2012\/10\/P72201051.jpg 1920w\" sizes=\"auto, (max-width: 225px) 100vw, 225px\" \/><\/a><\/p>\n<p>&nbsp;<\/p>\n<p><strong>Den som fekk gl\u00f8yma<\/strong><\/p>\n<p>Den minste minning um deg eg m\u00f8ter<\/p>\n<p>so tungt det tek meg, so s\u00e5rt det gr\u00f8ter,<\/p>\n<p>det minste ordet eg h\u00f8yra m\u00e5, &#8211;<\/p>\n<p>med hjartegr\u00e5t gjeng eg derifr\u00e5.<\/p>\n<p>&nbsp;<\/p>\n<p>Eg skulde aldri den suti g\u00f8yma,<\/p>\n<p>n\u00e5r so det var at eg m\u00e5tte gl\u00f8yma,<\/p>\n<p>eg skulle aldri g\u00e5 sjuk ikring<\/p>\n<p>n\u00e5r eg fekk gl\u00f8yma den eine ting.<\/p>\n<p>&nbsp;<\/p>\n<p>Arne Garborg<\/p>\n<p>&nbsp;<\/p>\n<p><strong>Elsk<\/strong><\/p>\n<p>Den galne guten min hug hev d\u00e5ra,<\/p>\n<p>eg fanga sit som ein fugl i sn\u00e5ra,<\/p>\n<p>den galne guten , han gjeng so baus,<\/p>\n<p>han veit at fuglen vil aldri laus.<\/p>\n<p>\u00c5 gjev du batt meg med bast og bende,<\/p>\n<p>\u00e5 gjev du batt meg so bandi brende!<\/p>\n<p>\u00c5 gjev du drog meg s\u00e5 fast til deg<\/p>\n<p>at heile verdi kom burt for meg!<\/p>\n<p>&nbsp;<\/p>\n<p>Ja, kund\u00a0 eg trolla og kund eg heksa,<\/p>\n<p>eg ville inn i den guten veksa,<\/p>\n<p>eg vilde veksa meg i deg inn<\/p>\n<p>og vera berre hj\u00e5 guten min.<\/p>\n<p>&nbsp;<\/p>\n<p>Arne Garborg<\/p>\n<p>&nbsp;<\/p>\n<p><strong>Jag misstror<\/strong><\/p>\n<p>Jag tror p\u00e5 dem som bor i en g\u00e5rd<\/p>\n<p>och bryter mark.<\/p>\n<p>De tar sin\u00a0 kraft ur n\u00e4rande jord,<\/p>\n<p>och de g\u00f6r jorden stark.<\/p>\n<p>&nbsp;<\/p>\n<p>Jag misstror dem som s\u00f6ker i n\u00f6d<\/p>\n<p>ett fj\u00e4rran hem.<\/p>\n<p>De gl\u00e4djer s\u00e5 f\u00e5, och bara sin art,<\/p>\n<p>men jag \u00e4r en av dem.<\/p>\n<p>&nbsp;<\/p>\n<p>F\u00f6rr stryker nog som herrel\u00f6s hund<\/p>\n<p>min svultna sj\u00e4l<\/p>\n<p>misst\u00e4nksamt skygg kring bommade hus<\/p>\n<p>och fryser ynkligt ihj\u00e4l,<\/p>\n<p>&nbsp;<\/p>\n<p>\u00e4n l\u00e4nkas fast att vakta sin g\u00e5rd<\/p>\n<p>i \u00e4rligt kall<\/p>\n<p>och h\u00f6ja mot heml\u00f6st vandringspack<\/p>\n<p>ett \u00f6vertygelsens skall.<\/p>\n<p>&nbsp;<\/p>\n<p>Jag ser dem dra \u00f6ver hed och myr<\/p>\n<p>som dr\u00f8mmen vill.<\/p>\n<p>Jag vet jag \u00e4r blod av deras blod<\/p>\n<p>&nbsp;<\/p>\n<p>vad tj\u00e4ner jag d\u00e5 till?<\/p>\n<p>&nbsp;<\/p>\n<p>Karin Boye<\/p>\n<p>&nbsp;<\/p>\n<p><strong>Du skal tacka<\/strong><\/p>\n<p>Du skal tacka dina gudar<\/p>\n<p>om de tvinger dig att g\u00e5<\/p>\n<p>d\u00e4r du inga fotsp\u00e5r<\/p>\n<p>har att lita p\u00e5.<\/p>\n<p>&nbsp;<\/p>\n<p>Du skal tacka dina gudar<\/p>\n<p>om de g\u00f6r all skam til din.<\/p>\n<p>Du f\u00e5r s\u00f6ka tillflykt<\/p>\n<p>lite l\u00e4ngre inn.<\/p>\n<p>&nbsp;<\/p>\n<p>Det som hela v\u00e4rlden d\u00f6mer<\/p>\n<p>reder sig i bland r\u00e4tt v\u00e4l.<\/p>\n<p>F\u00e5gefri var m\u00e5ngen<\/p>\n<p>vann sin egen sj\u00e4l.<\/p>\n<p>&nbsp;<\/p>\n<p>Den som tvingas ut i vildskog<\/p>\n<p>ser med nyf\u00f6dd syn p\u00e5 alt,<\/p>\n<p>och han smakar tacksam<\/p>\n<p>livets br\u00f6d och salt.<\/p>\n<p>&nbsp;<\/p>\n<p>Du skal tacka dina gudar<\/p>\n<p>n\u00e4r de bryter bort ditt skall.<\/p>\n<p>V\u00e4rklighet och k\u00e4rna<\/p>\n<p>blir ditt \u00e4nda val.<\/p>\n<p>&nbsp;<\/p>\n<p>Karin Boye<\/p>\n<p>&nbsp;<\/p>\n<p>&nbsp;<\/p>\n<p>&nbsp;<\/p>\n<p>&nbsp;<\/p>\n<p>&nbsp;<\/p>\n<p>&nbsp;<\/p>\n<p>&nbsp;<\/p>\n<p>&nbsp;<\/p>\n<p>&nbsp;<\/p>\n<p>&nbsp;<\/p>\n<p>&nbsp;<\/p>\n","protected":false},"excerpt":{"rendered":"<p>&nbsp; Samlet 1985 &#8211; 1990 &nbsp; Till sm\u00e4rtan Jag vet ej om fullare fr\u00f6jd st\u00e5r att n\u00e5 \u00e4n n\u00e4r l\u00e4pporna sk\u00e4lva av gr\u00e5t, om vi n\u00e5gonsin leva s\u00e5 gr\u00e4nsl\u00f6st som d\u00e5, n\u00e4r pannan av \u00e5ngest \u00e4r v\u00e5t. Och ingen kom &hellip; <a href=\"https:\/\/vinterhaven.no\/?page_id=681\">Les videre <span class=\"meta-nav\">&rarr;<\/span><\/a><\/p>\n","protected":false},"author":1,"featured_media":0,"parent":560,"menu_order":4,"comment_status":"open","ping_status":"closed","template":"","meta":{"footnotes":""},"class_list":["post-681","page","type-page","status-publish","hentry"],"_links":{"self":[{"href":"https:\/\/vinterhaven.no\/index.php?rest_route=\/wp\/v2\/pages\/681","targetHints":{"allow":["GET"]}}],"collection":[{"href":"https:\/\/vinterhaven.no\/index.php?rest_route=\/wp\/v2\/pages"}],"about":[{"href":"https:\/\/vinterhaven.no\/index.php?rest_route=\/wp\/v2\/types\/page"}],"author":[{"embeddable":true,"href":"https:\/\/vinterhaven.no\/index.php?rest_route=\/wp\/v2\/users\/1"}],"replies":[{"embeddable":true,"href":"https:\/\/vinterhaven.no\/index.php?rest_route=%2Fwp%2Fv2%2Fcomments&post=681"}],"version-history":[{"count":11,"href":"https:\/\/vinterhaven.no\/index.php?rest_route=\/wp\/v2\/pages\/681\/revisions"}],"predecessor-version":[{"id":858,"href":"https:\/\/vinterhaven.no\/index.php?rest_route=\/wp\/v2\/pages\/681\/revisions\/858"}],"up":[{"embeddable":true,"href":"https:\/\/vinterhaven.no\/index.php?rest_route=\/wp\/v2\/pages\/560"}],"wp:attachment":[{"href":"https:\/\/vinterhaven.no\/index.php?rest_route=%2Fwp%2Fv2%2Fmedia&parent=681"}],"curies":[{"name":"wp","href":"https:\/\/api.w.org\/{rel}","templated":true}]}}