{"id":716,"date":"2012-10-28T10:20:37","date_gmt":"2012-10-28T10:20:37","guid":{"rendered":"http:\/\/vinterhaven.no\/?page_id=716"},"modified":"2013-09-06T11:21:44","modified_gmt":"2013-09-06T11:21:44","slug":"antologi-5","status":"publish","type":"page","link":"https:\/\/vinterhaven.no\/?page_id=716","title":{"rendered":"Antologi. Skogenes epistel."},"content":{"rendered":"<p>&nbsp;<\/p>\n<p>Samlet 1990 &#8211; 1995<\/p>\n<p>&nbsp;<\/p>\n<p><a href=\"http:\/\/vinterhaven.no\/antologi-favoritter-fra-1970-1979\/antologi-5\/bilde0008-2\/\" rel=\"attachment wp-att-723\"><img loading=\"lazy\" decoding=\"async\" class=\"aligncenter size-medium wp-image-723\" title=\"Bilde0008\" alt=\"\" src=\"http:\/\/vinterhaven.no\/wp-content\/uploads\/2012\/10\/Bilde0008-300x225.jpg\" width=\"300\" height=\"225\" srcset=\"https:\/\/vinterhaven.no\/wp-content\/uploads\/2012\/10\/Bilde0008-300x225.jpg 300w, https:\/\/vinterhaven.no\/wp-content\/uploads\/2012\/10\/Bilde0008-1024x768.jpg 1024w\" sizes=\"auto, (max-width: 300px) 100vw, 300px\" \/><\/a><\/p>\n<p>&nbsp;<\/p>\n<p><strong>N\u00e5r menneskene er g\u00e5tt heim<\/strong><\/p>\n<p>Du s\u00f8ker ditt dimme speilbilde<\/p>\n<p>i de dimme g\u00e5ter omkring deg.<\/p>\n<p>Alltid.<\/p>\n<p>&nbsp;<\/p>\n<p>Du legger dine ensomme tanker<\/p>\n<p>i munnen p\u00e5 vinden.<\/p>\n<p>Du dr\u00f8mmer menneskemening inn i<\/p>\n<p>duft og sus. Alltid svarer<\/p>\n<p>dvergm\u00e5let med din egen stemme.<\/p>\n<p>&nbsp;<\/p>\n<p>Men hva tror du skogen synger siden,<\/p>\n<p>n\u00e5r Du er g\u00e5tt heim?<\/p>\n<p>&nbsp;<\/p>\n<p>Jo da er timen inne<\/p>\n<p>for r\u00f8ster nakne som jern.<\/p>\n<p>En stumhet reiser seg,<\/p>\n<p>st\u00e5r med l\u00f8ftet panne<\/p>\n<p>og kveder for stjernene,<\/p>\n<p>kambriske kvad<\/p>\n<p>som menneskelepper aldri har r\u00f8rt.<\/p>\n<p>&nbsp;<\/p>\n<p>Djupt i skogene<\/p>\n<p>p\u00e5 byens torg og i<\/p>\n<p>skinnende saler<\/p>\n<p>sitter en stumhet og ler lydl\u00f8st.<\/p>\n<p>Venter<\/p>\n<p>til menneskene er g\u00e5tt heim.<\/p>\n<p>&nbsp;<\/p>\n<p>Da reiser de seg og taler<\/p>\n<p>taler med steintunge<\/p>\n<p>et spr\u00e5k s\u00e5 hovmodig<\/p>\n<p>at det ikke har ord for<\/p>\n<p>MENNESKE.<\/p>\n<p>&nbsp;<\/p>\n<p>Hans B\u00f8rli<\/p>\n<p>&nbsp;<\/p>\n<p><strong>Den kvite b\u00f8ra<\/strong><\/p>\n<p>Tr\u00e6rne st\u00e5r kledd som nonner<\/p>\n<p>i natt og nysn\u00f8. &#8211; Alt<\/p>\n<p>er stivnet stillhet og stjerner<\/p>\n<p>bristende, \u00f8de, kaldt.<\/p>\n<p>&nbsp;<\/p>\n<p>V\u00e6r stille, mi sjel. V\u00e6r stille<\/p>\n<p>som skogens unge tre:<\/p>\n<p>Det luter mot brest under b\u00f8ra<\/p>\n<p>Herre, din vilje skje!<\/p>\n<p>&nbsp;<\/p>\n<p>Med ukr\u00f8kt rygg skal ingen<\/p>\n<p>f\u00e5 st\u00e5 mellom jordens savn.<\/p>\n<p>Men tyngst er den kvite b\u00f8ra<\/p>\n<p>av sorger uten navn.<\/p>\n<p>&nbsp;<\/p>\n<p>Det faller i Lucinetter<\/p>\n<p>de fine, fj\u00f8rlette fjon<\/p>\n<p>og veks til ei himmeltyngde<\/p>\n<p>over hver livsgr\u00f8nn von.<\/p>\n<p>&nbsp;<\/p>\n<p>Hva nytter det vel \u00e5 klage<\/p>\n<p>i natt og nysn\u00f8? &#8211; H\u00f8r<\/p>\n<p>n\u00e5 brast det et tre i skogen<\/p>\n<p>under si kvite b\u00f8r&#8230;<\/p>\n<p>&nbsp;<\/p>\n<p>Hans B\u00f8rli<\/p>\n<p>&nbsp;<\/p>\n<p><a href=\"http:\/\/vinterhaven.no\/antologi-favoritter-fra-1970-1979\/antologi-5\/img_0219-2\/\" rel=\"attachment wp-att-730\"><img loading=\"lazy\" decoding=\"async\" class=\"aligncenter size-medium wp-image-730\" title=\"IMG_0219\" alt=\"\" src=\"http:\/\/vinterhaven.no\/wp-content\/uploads\/2012\/10\/IMG_0219-300x225.jpg\" width=\"300\" height=\"225\" srcset=\"https:\/\/vinterhaven.no\/wp-content\/uploads\/2012\/10\/IMG_0219-300x225.jpg 300w, https:\/\/vinterhaven.no\/wp-content\/uploads\/2012\/10\/IMG_0219-1024x768.jpg 1024w\" sizes=\"auto, (max-width: 300px) 100vw, 300px\" \/><\/a><\/p>\n<p>&nbsp;<\/p>\n<p><strong>Jeg tror ei<\/strong><\/p>\n<p>Jeg tror ei den hvis sorg har mange t\u00e5rer.<\/p>\n<p>Har han gr\u00e5tt ut, s\u00e5 blir han like god.<\/p>\n<p>Hans smerte er ei edder, syk og giftig,<\/p>\n<p>der langsomt eser gjennom sjel og blod.<\/p>\n<p>&nbsp;<\/p>\n<p>Jeg smiler til de altfor store klager,<\/p>\n<p>der glemmes vil i livets nye morgen.<\/p>\n<p>Men deg, deg elsker jeg; for du gikk knust,<\/p>\n<p>men taus med l\u00f8ftet hode inn i sorgen.<\/p>\n<p>&nbsp;<\/p>\n<p>Vilhelm Krag<\/p>\n<p>&nbsp;<\/p>\n<p><strong>Et vers<\/strong><\/p>\n<p>\u00c5 leve er &#8211; krig med trolle<\/p>\n<p>i hjertets og hjernens hvelv.<\/p>\n<p>\u00c5 dikte &#8211; det er \u00e5 holde<\/p>\n<p>dommedag over seg selv.<\/p>\n<p>&nbsp;<\/p>\n<p>Henrik Ibsen<\/p>\n<p>&nbsp;<\/p>\n<p><strong>\u00c5 dikte<\/strong><\/p>\n<p>\u00c5 dikte er \u00e5 vera<\/p>\n<p>det vesle som ein vart<\/p>\n<p>og sleppe kvite fuglar ut<\/p>\n<p>i nattesvart.<\/p>\n<p>&nbsp;<\/p>\n<p>\u00c5 leva er \u00e5 vera<\/p>\n<p>det store som ein er<\/p>\n<p>og st\u00e5 i einsleg undring<\/p>\n<p>og h\u00f8yre fuglar flyge inn<\/p>\n<p>fr\u00e5 ukjend verd.<\/p>\n<p>&nbsp;<\/p>\n<p>Tor Jonsson<\/p>\n<p>&nbsp;<\/p>\n<p><strong>Bumerkje<\/strong><\/p>\n<p>Je sir et rom, det lukker seg &#8211; og stenger<\/p>\n<p>en uro-veng, som bakser mot e rute.<\/p>\n<p>Da er det innestengt og ille ute<\/p>\n<p>det vesle vevre liv<\/p>\n<p>som ville mer og lener.<\/p>\n<p>&nbsp;<\/p>\n<p>N\u00e5r kar og staup er t\u00f8mt og du er ingen<\/p>\n<p>da fins det att et butegn du har skuri<\/p>\n<p>&#8211; et ymt fr\u00e5 det du var og ville vuri.<\/p>\n<p>En liten minne-ting<\/p>\n<p>&#8211; og merkje ditt i tingen.<\/p>\n<p>&nbsp;<\/p>\n<p>Einar Skj\u00e6r\u00e5sen<\/p>\n<p>&nbsp;<\/p>\n<p><strong>Fylle med sang<\/strong><\/p>\n<p>Je veit om en skog<\/p>\n<p>der tunglynnet r\u00f8mte<\/p>\n<p>n\u00e5r heggbloma spratt.<\/p>\n<p>E ungjente danse<\/p>\n<p>i dr\u00f8mmen h\u00f8r eneste natt.<\/p>\n<p>Je veit om en v\u00e5r<\/p>\n<p>og den g\u00e5r uendeleg att.<\/p>\n<p>&nbsp;<\/p>\n<p>Je veit om e elv<\/p>\n<p>som glir gj\u00f8nnom sommarn<\/p>\n<p>og glitrer forbi.<\/p>\n<p>I skr\u00e5ninga d\u00f8ser<\/p>\n<p>sm\u00e5 \u00e5krer med gro-render i.<\/p>\n<p>E kvinne g\u00e5r byrg<\/p>\n<p>og skin over liv som skal bli.<\/p>\n<p>&nbsp;<\/p>\n<p>Je veit om e bygd<\/p>\n<p>der hausten kjem tidleg<\/p>\n<p>og vintern er lang.<\/p>\n<p>E mor sit og vogger<\/p>\n<p>et menneskekryp i sitt fang.<\/p>\n<p>Je veit om en dal<\/p>\n<p>og den vil je fylle med sang.<\/p>\n<p>&nbsp;<\/p>\n<p>Einar Skj\u00e6r\u00e5sen<\/p>\n<p>&nbsp;<\/p>\n<p><a href=\"http:\/\/vinterhaven.no\/antologi-favoritter-fra-1970-1979\/antologi-5\/img_0176-2\/\" rel=\"attachment wp-att-732\"><img loading=\"lazy\" decoding=\"async\" class=\"aligncenter size-medium wp-image-732\" title=\"IMG_0176\" alt=\"\" src=\"http:\/\/vinterhaven.no\/wp-content\/uploads\/2012\/10\/IMG_01761-225x300.jpg\" width=\"225\" height=\"300\" srcset=\"https:\/\/vinterhaven.no\/wp-content\/uploads\/2012\/10\/IMG_01761-225x300.jpg 225w, https:\/\/vinterhaven.no\/wp-content\/uploads\/2012\/10\/IMG_01761-768x1024.jpg 768w\" sizes=\"auto, (max-width: 225px) 100vw, 225px\" \/><\/a><\/p>\n<p><strong>\u00a0Jag<\/strong><\/p>\n<p>Jag \u00e4r fr\u00e4mande i detta land,<\/p>\n<p>som ligger djupt under det tryckande havet,<\/p>\n<p>solen blickar inn med ringlande str\u00e5lar<\/p>\n<p>og luften flyter mellan mine h\u00e4nder.<\/p>\n<p>Man sade mig at jag \u00e4r f\u00f6dd i f\u00e5ngenskap &#8211;<\/p>\n<p>h\u00e4r \u00e4r intet ansikte som vore mig bekant.<\/p>\n<p>Var jag en sten, den man kastat hit p\u00e5 bottnen?<\/p>\n<p>Var jag en frukt, som var f\u00f6r tung f\u00f6r sin gren?<\/p>\n<p>H\u00e4r ligger jag p\u00e5 lur vid det susande tr\u00e4dets fot,<\/p>\n<p>hur skal jag komma upp f\u00f6r de hala stammarna?<\/p>\n<p>D\u00e4ruppe m\u00f6tas de raglande kronorna,<\/p>\n<p>d\u00e4r vill jag sitta og speja ut efter r\u00f6ken<\/p>\n<p>ur mitt hemlands skorstenar&#8230;<\/p>\n<p>&nbsp;<\/p>\n<p>Edith S\u00f6dergran<\/p>\n<p>&nbsp;<\/p>\n<p><strong>De d\u00f6dsd\u00f6mda<\/strong><\/p>\n<p>Vid den stora r\u00e4tterg\u00e5ngen,<\/p>\n<p>efter domen, efter talen,<\/p>\n<p>h\u00f6ll de d\u00f6mdas tysta tankar<\/p>\n<p>samspr\u00e5k i den tysta salen,<\/p>\n<p>&nbsp;<\/p>\n<p>sa den ene till den andra:<\/p>\n<p>&laquo;Nu vet ingen hur det g\u00e5r oss.<\/p>\n<p>Kanske \u00e4r det snarast b\u00f6rjan<\/p>\n<p>p\u00e5 ett verk, som \u00e5terst\u00e5r oss.<\/p>\n<p>&nbsp;<\/p>\n<p>Dina drag \u00e4r mycket bleka,<\/p>\n<p>vita som den vita gl\u00f6den,<\/p>\n<p>levande som l\u00e5gor lever.<\/p>\n<p>\u00c4nnu har vi l\u00e5ngt till d\u00f6den.<\/p>\n<p>&nbsp;<\/p>\n<p>Brinnande och utan fruktan<\/p>\n<p>g\u00e5r vi till det bittra sista,<\/p>\n<p>brinnande och utan fruktan<\/p>\n<p>stiger anden som en gnista.<\/p>\n<p>&nbsp;<\/p>\n<p>Den kan drivas l\u00e5ngt av vinden<\/p>\n<p>genom viddar tomma, kalla,<\/p>\n<p>men d\u00e4r skogen st\u00e5r som t\u00f6rrast<\/p>\n<p>ska tv\u00e5 heta gnistror falla.&raquo;<\/p>\n<p>&nbsp;<\/p>\n<p>Karin Boye<\/p>\n<p>&nbsp;<\/p>\n<p><strong>Ingenting<\/strong><\/p>\n<p>Var lugn, mitt barn, det finnes ingenting,<\/p>\n<p>och allt \u00e4r som du ser det: skogen, r\u00f6ken<\/p>\n<p>och skenornas flykt.<\/p>\n<p>Nogonstans l\u00e5ngt borta i fj\u00e4rran land<\/p>\n<p>finnes en bl\u00e5are himmel och en mur med rosor<\/p>\n<p>eller en palm och en ljummare vind &#8211;<\/p>\n<p>och det er allt.<\/p>\n<p>Det finnes icke nogot mera \u00e4n sn\u00f6n<\/p>\n<p>p\u00e5 granens gren.<\/p>\n<p>Det finnes ingenting att kyssa med varma leppar,<\/p>\n<p>och alla leppar bli med tiden svala.<\/p>\n<p>Men du s\u00e4ger, mitt barn, att ditt hj\u00e4rta \u00e4r<\/p>\n<p>m\u00e4ktigt, och att leva f\u00f6rg\u00e4ves<\/p>\n<p>\u00e4r mindre \u00e4n att d\u00f6.<\/p>\n<p>Vad ville du d\u00f6den?<\/p>\n<p>K\u00e4nner du v\u00e4mjelsen hans kl\u00e4der sprida<\/p>\n<p>och ingenting \u00e4r \u00e4ckligare \u00e4n d\u00f6 f\u00f6r egen hand.<\/p>\n<p>Vi b\u00f6r \u00e4lska livets l\u00e5nga timmar av<\/p>\n<p>sjukdom och tr\u00e5nga \u00e5r av l\u00e4ngtan<\/p>\n<p>s\u00e5som de korta \u00f6gonblick<\/p>\n<p>da \u00f6knen blommar&#8230;<\/p>\n<p>&nbsp;<\/p>\n<p>Edith S\u00f6dergran<\/p>\n<p>&nbsp;<\/p>\n<p><strong>Hemkomst<\/strong><\/p>\n<p>Min barndoms tr\u00e4d st\u00e5 jublande kring mig<\/p>\n<p>o m\u00e4nniska!<\/p>\n<p>och gr\u00e4set mig h\u00e4lsar v\u00e4lkommen<\/p>\n<p>ut fr\u00e4mmande land.<\/p>\n<p>Mitt huvud jag lutar i gr\u00e4set;<\/p>\n<p>nu \u00e4ntligen hemma.<\/p>\n<p>Nu v\u00e4nder jag ryggen \u00e5t allting<\/p>\n<p>som ligger bakom mig:<\/p>\n<p>mina kamrater bli skogen och stranden<\/p>\n<p>och sj\u00f6n.<\/p>\n<p>Nu dricker jag visdom ur granarnas<\/p>\n<p>saftfyllda krona,<\/p>\n<p>nu dricker jag sanning ur bj\u00f6rkarnas<\/p>\n<p>f\u00f6rtorkade stam,<\/p>\n<p>nu dricker jag makt ur det minsta<\/p>\n<p>och spedaste gr\u00e4sstr\u00e5;<\/p>\n<p>en v\u00e4ldig beskyddare r\u00e4cker mig<\/p>\n<p>n\u00e5digt sin hand.<\/p>\n<p>&nbsp;<\/p>\n<p>Edith S\u00f6dergran<\/p>\n<p>&nbsp;<\/p>\n<p><strong>Skapare gestalter<\/strong><\/p>\n<p>Mitt hj\u00e4rta av j\u00e4rn vill sjunga sin s\u00e5ng.<\/p>\n<p>Tvinga, tvinga<\/p>\n<p>m\u00e4nniskornas hav,<\/p>\n<p>forma, forma<\/p>\n<p>m\u00e4nniskornas stora masse<\/p>\n<p>till en fr\u00f6jd \u00e5t gudar.<\/p>\n<p>Vaggande i l\u00f6sa sadlar komma vi<\/p>\n<p>de ok\u00e4nda, l\u00e4ttsinniga, starka,<\/p>\n<p>B\u00e4r oss vinden fram?<\/p>\n<p>S\u00e5 som et h\u00e5nskratt klinga v\u00e5ra r\u00f6ster<\/p>\n<p>ur fj\u00e4rran, fj\u00e4rran&#8230;<\/p>\n<p>&nbsp;<\/p>\n<p>Edith S\u00f6dergran<\/p>\n<p>&nbsp;<\/p>\n<p><a href=\"http:\/\/vinterhaven.no\/antologi-favoritter-fra-1970-1979\/antologi-5\/munch-3\/\" rel=\"attachment wp-att-736\"><img loading=\"lazy\" decoding=\"async\" class=\"aligncenter size-full wp-image-736\" title=\"munch\" alt=\"\" src=\"http:\/\/vinterhaven.no\/wp-content\/uploads\/2012\/10\/munch.jpg\" width=\"198\" height=\"254\" \/><\/a><\/p>\n<p><strong>\u00c5ngest<\/strong><\/p>\n<p>\u00c5ngest, \u00e5ngest \u00e4r min arvedel,<\/p>\n<p>min strupes s\u00e5r,<\/p>\n<p>mitt hj\u00e4rtas skri i v\u00e4rlden.<\/p>\n<p>Nu stivnar l\u00f6ddrig sky<\/p>\n<p>i nattens grova hand,<\/p>\n<p>nu stiga skogarna<\/p>\n<p>och stela h\u00f6jder<\/p>\n<p>s\u00e5 kargt mot himmlens<\/p>\n<p>f\u00f6rkrymte valv.<\/p>\n<p>Hur h\u00e5rt \u00e4r allt,<\/p>\n<p>hur stelnat, svart och stillat!<\/p>\n<p>Jag famlar kring i detta dunkla rum,<\/p>\n<p>jag k\u00e4nnar klippans vassa kant mot mina<\/p>\n<p>fingrar, jag river mina upp\u00e5tstr\u00e4kta<\/p>\n<p>h\u00e4nder til blods mot molnens frusna trasor.<\/p>\n<p>Ack, mina naglar sliter jag fr\u00e5n fingrarna<\/p>\n<p>mina h\u00e4nder river jag s\u00e5riga, \u00f6mma<\/p>\n<p>mot berg och m\u00f6rknad skog,<\/p>\n<p>mot himlens svarta j\u00e4rn<\/p>\n<p>och mot den kalla jorden!<\/p>\n<p>\u00c5ngest, \u00e5ngest \u00e4r min arvedel,<\/p>\n<p>min strupes s\u00e5r,<\/p>\n<p>mitt hj\u00e4rtas skri i v\u00e4rlden.<\/p>\n<p>&nbsp;<\/p>\n<p>P\u00e4r Lagerkvist<\/p>\n<p>&nbsp;<\/p>\n<p>&nbsp;<\/p>\n<p>&nbsp;<\/p>\n<p>&nbsp;<\/p>\n<p>&nbsp;<\/p>\n<p>&nbsp;<\/p>\n<p>&nbsp;<\/p>\n<p>&nbsp;<\/p>\n<p>&nbsp;<\/p>\n<p>&nbsp;<\/p>\n<p>&nbsp;<\/p>\n<p>&nbsp;<\/p>\n<p><strong><br \/>\n<\/strong><\/p>\n<p>&nbsp;<\/p>\n<p>&nbsp;<\/p>\n","protected":false},"excerpt":{"rendered":"<p>&nbsp; Samlet 1990 &#8211; 1995 &nbsp; &nbsp; N\u00e5r menneskene er g\u00e5tt heim Du s\u00f8ker ditt dimme speilbilde i de dimme g\u00e5ter omkring deg. Alltid. &nbsp; Du legger dine ensomme tanker i munnen p\u00e5 vinden. Du dr\u00f8mmer menneskemening inn i duft &hellip; <a href=\"https:\/\/vinterhaven.no\/?page_id=716\">Les videre <span class=\"meta-nav\">&rarr;<\/span><\/a><\/p>\n","protected":false},"author":1,"featured_media":0,"parent":560,"menu_order":7,"comment_status":"open","ping_status":"closed","template":"","meta":{"footnotes":""},"class_list":["post-716","page","type-page","status-publish","hentry"],"_links":{"self":[{"href":"https:\/\/vinterhaven.no\/index.php?rest_route=\/wp\/v2\/pages\/716","targetHints":{"allow":["GET"]}}],"collection":[{"href":"https:\/\/vinterhaven.no\/index.php?rest_route=\/wp\/v2\/pages"}],"about":[{"href":"https:\/\/vinterhaven.no\/index.php?rest_route=\/wp\/v2\/types\/page"}],"author":[{"embeddable":true,"href":"https:\/\/vinterhaven.no\/index.php?rest_route=\/wp\/v2\/users\/1"}],"replies":[{"embeddable":true,"href":"https:\/\/vinterhaven.no\/index.php?rest_route=%2Fwp%2Fv2%2Fcomments&post=716"}],"version-history":[{"count":16,"href":"https:\/\/vinterhaven.no\/index.php?rest_route=\/wp\/v2\/pages\/716\/revisions"}],"predecessor-version":[{"id":721,"href":"https:\/\/vinterhaven.no\/index.php?rest_route=\/wp\/v2\/pages\/716\/revisions\/721"}],"up":[{"embeddable":true,"href":"https:\/\/vinterhaven.no\/index.php?rest_route=\/wp\/v2\/pages\/560"}],"wp:attachment":[{"href":"https:\/\/vinterhaven.no\/index.php?rest_route=%2Fwp%2Fv2%2Fmedia&parent=716"}],"curies":[{"name":"wp","href":"https:\/\/api.w.org\/{rel}","templated":true}]}}